{"id":1080,"date":"2022-05-24T12:22:42","date_gmt":"2022-05-24T10:22:42","guid":{"rendered":"https:\/\/bestdream.hu\/termek\/gyapju-derekalj\/"},"modified":"2022-07-05T16:13:17","modified_gmt":"2022-07-05T14:13:17","slug":"kuscheldecke","status":"publish","type":"product","link":"https:\/\/bestdream.hu\/de\/termek\/kuscheldecke\/","title":{"rendered":"Kuscheldecke"},"content":{"rendered":"<p>Die Taillenb\u00e4nder bestehen aus Wollstoff mit einer Faserdichte von 600 gr\/m2, der sich weich und zart anf\u00fchlt. Unsere Wollschurze sind aus der weltber\u00fchmten australischen Merinowolle gefertigt und sorgen durch ihre temperaturausgleichende Wirkung f\u00fcr ein perfektes Bettklima, das Schwitzen vermeidet und ein ruhiges Schlafen f\u00f6rdert. Sie helfen, rheumatischen Beschwerden und Gelenkbeschwerden vorzubeugen.<\/p>\n<p>\u00dcber die vorteilhaften Eigenschaften von Wolle:<\/p>\n<ul>\n<li>es sichert und verbessert die Atmung unserer Haut<\/li>\n<li>wir schwitzen bei der Anwendung nicht, denn es verdunstet den anfallenden Schwei\u00df<\/li>\n<li>hautfreundlich<\/li>\n<li>es bietet maximalen Komfort im Winter und Sommer<\/li>\n<li>es wirkt temperaturausgleichend<\/li>\n<li>100 % nat\u00fcrliches Material<\/li>\n<li>es wird auch f\u00fcr Menschen mit Allergien und Asthma empfohlen<\/li>\n<li>sein Lanolingehalt sch\u00fctzt es vor Schmutz, sodass es seltener gewaschen werden muss als andere Textilien<\/li>\n<li>umweltfreundlich, 100 % biologisch abbaubar<\/li>\n<\/ul>\n","protected":false},"excerpt":{"rendered":"<ul>\n<li>100% Merino Wolle<\/li>\n<li>Allgemeine Garantie<\/li>\n<\/ul>\n","protected":false},"featured_media":467,"comment_status":"closed","ping_status":"closed","template":"","meta":{"inline_featured_image":false},"product_brand":[],"product_cat":[67],"product_tag":[],"class_list":{"0":"post-1080","1":"product","2":"type-product","3":"status-publish","4":"has-post-thumbnail","6":"product_cat-produkte-aus-wolle","8":"first","9":"instock","10":"shipping-taxable","11":"product-type-simple"},"_links":{"self":[{"href":"https:\/\/bestdream.hu\/de\/wp-json\/wp\/v2\/product\/1080","targetHints":{"allow":["GET"]}}],"collection":[{"href":"https:\/\/bestdream.hu\/de\/wp-json\/wp\/v2\/product"}],"about":[{"href":"https:\/\/bestdream.hu\/de\/wp-json\/wp\/v2\/types\/product"}],"replies":[{"embeddable":true,"href":"https:\/\/bestdream.hu\/de\/wp-json\/wp\/v2\/comments?post=1080"}],"wp:featuredmedia":[{"embeddable":true,"href":"https:\/\/bestdream.hu\/de\/wp-json\/wp\/v2\/media\/467"}],"wp:attachment":[{"href":"https:\/\/bestdream.hu\/de\/wp-json\/wp\/v2\/media?parent=1080"}],"wp:term":[{"taxonomy":"product_brand","embeddable":true,"href":"https:\/\/bestdream.hu\/de\/wp-json\/wp\/v2\/product_brand?post=1080"},{"taxonomy":"product_cat","embeddable":true,"href":"https:\/\/bestdream.hu\/de\/wp-json\/wp\/v2\/product_cat?post=1080"},{"taxonomy":"product_tag","embeddable":true,"href":"https:\/\/bestdream.hu\/de\/wp-json\/wp\/v2\/product_tag?post=1080"}],"curies":[{"name":"wp","href":"https:\/\/api.w.org\/{rel}","templated":true}]}}