{"id":1086,"date":"2022-05-24T12:18:13","date_gmt":"2022-05-24T10:18:13","guid":{"rendered":"https:\/\/bestdream.hu\/termek\/memory-gel-wave\/"},"modified":"2022-07-06T10:36:35","modified_gmt":"2022-07-06T08:36:35","slug":"memory-gel-wave","status":"publish","type":"product","link":"https:\/\/bestdream.hu\/de\/termek\/memory-gel-wave\/","title":{"rendered":"Memory Gel Wave"},"content":{"rendered":"<p>Memory Gel Wave &#8211; wellenf\u00f6rmiges Kissen aus Softgel<\/p>\n<p>SoftGel ist ein revolution\u00e4res Material, das aus einem weichen, aber ausreichend flexiblen Gel besteht, das sich perfekt an jede Ver\u00e4nderung der Position anpasst und darauf reagiert und gleichzeitig eine zuverl\u00e4ssige Unterst\u00fctzung darstellt. Dank seiner einzigartigen chemischen und physikalischen Eigenschaften garantiert es perfekten Komfort und Bequemlichkeit.<\/p>\n","protected":false},"excerpt":{"rendered":"<ul>\n<li>Gr\u00f6\u00dfe: 68 x 62 cm<\/li>\n<li>H\u00f6he: 9-11 cm<\/li>\n<li>Allgemeine Garantie<\/li>\n<\/ul>\n<p>&nbsp;<\/p>\n","protected":false},"featured_media":3583,"comment_status":"closed","ping_status":"closed","template":"","meta":{"inline_featured_image":false},"product_brand":[],"product_cat":[66],"product_tag":[],"class_list":{"0":"post-1086","1":"product","2":"type-product","3":"status-publish","4":"has-post-thumbnail","6":"product_cat-kissen","8":"first","9":"instock","10":"shipping-taxable","11":"product-type-simple"},"_links":{"self":[{"href":"https:\/\/bestdream.hu\/de\/wp-json\/wp\/v2\/product\/1086","targetHints":{"allow":["GET"]}}],"collection":[{"href":"https:\/\/bestdream.hu\/de\/wp-json\/wp\/v2\/product"}],"about":[{"href":"https:\/\/bestdream.hu\/de\/wp-json\/wp\/v2\/types\/product"}],"replies":[{"embeddable":true,"href":"https:\/\/bestdream.hu\/de\/wp-json\/wp\/v2\/comments?post=1086"}],"wp:featuredmedia":[{"embeddable":true,"href":"https:\/\/bestdream.hu\/de\/wp-json\/wp\/v2\/media\/3583"}],"wp:attachment":[{"href":"https:\/\/bestdream.hu\/de\/wp-json\/wp\/v2\/media?parent=1086"}],"wp:term":[{"taxonomy":"product_brand","embeddable":true,"href":"https:\/\/bestdream.hu\/de\/wp-json\/wp\/v2\/product_brand?post=1086"},{"taxonomy":"product_cat","embeddable":true,"href":"https:\/\/bestdream.hu\/de\/wp-json\/wp\/v2\/product_cat?post=1086"},{"taxonomy":"product_tag","embeddable":true,"href":"https:\/\/bestdream.hu\/de\/wp-json\/wp\/v2\/product_tag?post=1086"}],"curies":[{"name":"wp","href":"https:\/\/api.w.org\/{rel}","templated":true}]}}