{"id":1088,"date":"2022-05-24T12:07:07","date_gmt":"2022-05-24T10:07:07","guid":{"rendered":"https:\/\/bestdream.hu\/termek\/bio-soya-wave\/"},"modified":"2022-07-06T13:10:46","modified_gmt":"2022-07-06T11:10:46","slug":"bio-soya-wave","status":"publish","type":"product","link":"https:\/\/bestdream.hu\/de\/termek\/bio-soya-wave\/","title":{"rendered":"Bio Soya Wave"},"content":{"rendered":"<p>Das Kissen ist ein speziell hergestelltes 100% Naturprodukt, das nat\u00fcrliche Sojaextrakte erh\u00e4lt. Das seifenf\u00f6rmige Kopfkissen ist perfekt auf die anatomische Kopf- und Nackenform abgestimmt und erm\u00f6glicht so eine perfekte Schlafruhe. Ein anatomisches Kissen st\u00fctzt perfekt die Nacken-, Kopf- und Schultermuskulatur und h\u00e4lt so die gesamte Wirbels\u00e4ule in der korrekten anatomischen Position. Beide SOYA Kissen sind angenehm duftend mit der Garantie des nat\u00fcrlichen und gesunden Schlafs.<\/p>\n<p>&nbsp;<\/p>\n","protected":false},"excerpt":{"rendered":"<ul>\n<li>Gr\u00f6\u00dfe: 68 x 36 cm<\/li>\n<li>H\u00f6he: 11-13 cm<\/li>\n<li>Allgemeine Garantie<\/li>\n<\/ul>\n<p>&nbsp;<\/p>\n","protected":false},"featured_media":3592,"comment_status":"closed","ping_status":"closed","template":"","meta":{"inline_featured_image":false},"product_brand":[],"product_cat":[66],"product_tag":[],"class_list":{"0":"post-1088","1":"product","2":"type-product","3":"status-publish","4":"has-post-thumbnail","6":"product_cat-kissen","8":"first","9":"instock","10":"shipping-taxable","11":"product-type-simple"},"_links":{"self":[{"href":"https:\/\/bestdream.hu\/de\/wp-json\/wp\/v2\/product\/1088","targetHints":{"allow":["GET"]}}],"collection":[{"href":"https:\/\/bestdream.hu\/de\/wp-json\/wp\/v2\/product"}],"about":[{"href":"https:\/\/bestdream.hu\/de\/wp-json\/wp\/v2\/types\/product"}],"replies":[{"embeddable":true,"href":"https:\/\/bestdream.hu\/de\/wp-json\/wp\/v2\/comments?post=1088"}],"wp:featuredmedia":[{"embeddable":true,"href":"https:\/\/bestdream.hu\/de\/wp-json\/wp\/v2\/media\/3592"}],"wp:attachment":[{"href":"https:\/\/bestdream.hu\/de\/wp-json\/wp\/v2\/media?parent=1088"}],"wp:term":[{"taxonomy":"product_brand","embeddable":true,"href":"https:\/\/bestdream.hu\/de\/wp-json\/wp\/v2\/product_brand?post=1088"},{"taxonomy":"product_cat","embeddable":true,"href":"https:\/\/bestdream.hu\/de\/wp-json\/wp\/v2\/product_cat?post=1088"},{"taxonomy":"product_tag","embeddable":true,"href":"https:\/\/bestdream.hu\/de\/wp-json\/wp\/v2\/product_tag?post=1088"}],"curies":[{"name":"wp","href":"https:\/\/api.w.org\/{rel}","templated":true}]}}