{"id":1090,"date":"2022-05-24T12:04:23","date_gmt":"2022-05-24T10:04:23","guid":{"rendered":"https:\/\/bestdream.hu\/termek\/moore\/"},"modified":"2022-08-03T07:24:04","modified_gmt":"2022-08-03T05:24:04","slug":"moore","status":"publish","type":"product","link":"https:\/\/bestdream.hu\/de\/termek\/moore\/","title":{"rendered":"Moore"},"content":{"rendered":"<p>Moore ist ein hochwertiger Memory-Schaum, der reine und nat\u00fcrliche \u00d6le enth\u00e4lt. Das Kissen verbessert den Schlaf, indem es sich genau an die Kopf- und Nackenform anpasst und es den Nacken- und Schultermuskeln erm\u00f6glicht, sich vollst\u00e4ndig zu entspannen. Diese Technologie ist zweifach patentiert, 100 % \u00f6kologisch intelligent und sorgt dank ihrer Nat\u00fcrlichkeit f\u00fcr einen einzigartigen Schlaf.<\/p>\n","protected":false},"excerpt":{"rendered":"<ul>\n<li>Gr\u00f6\u00dfe: 68 x 38 cm<\/li>\n<li>H\u00f6he: 12 cm<\/li>\n<li>Allgemeine Garantie<\/li>\n<\/ul>\n<p>&nbsp;<\/p>\n","protected":false},"featured_media":3586,"comment_status":"closed","ping_status":"closed","template":"","meta":{"inline_featured_image":false},"product_brand":[],"product_cat":[66],"product_tag":[],"class_list":{"0":"post-1090","1":"product","2":"type-product","3":"status-publish","4":"has-post-thumbnail","6":"product_cat-kissen","8":"first","9":"instock","10":"shipping-taxable","11":"product-type-simple"},"_links":{"self":[{"href":"https:\/\/bestdream.hu\/de\/wp-json\/wp\/v2\/product\/1090","targetHints":{"allow":["GET"]}}],"collection":[{"href":"https:\/\/bestdream.hu\/de\/wp-json\/wp\/v2\/product"}],"about":[{"href":"https:\/\/bestdream.hu\/de\/wp-json\/wp\/v2\/types\/product"}],"replies":[{"embeddable":true,"href":"https:\/\/bestdream.hu\/de\/wp-json\/wp\/v2\/comments?post=1090"}],"wp:featuredmedia":[{"embeddable":true,"href":"https:\/\/bestdream.hu\/de\/wp-json\/wp\/v2\/media\/3586"}],"wp:attachment":[{"href":"https:\/\/bestdream.hu\/de\/wp-json\/wp\/v2\/media?parent=1090"}],"wp:term":[{"taxonomy":"product_brand","embeddable":true,"href":"https:\/\/bestdream.hu\/de\/wp-json\/wp\/v2\/product_brand?post=1090"},{"taxonomy":"product_cat","embeddable":true,"href":"https:\/\/bestdream.hu\/de\/wp-json\/wp\/v2\/product_cat?post=1090"},{"taxonomy":"product_tag","embeddable":true,"href":"https:\/\/bestdream.hu\/de\/wp-json\/wp\/v2\/product_tag?post=1090"}],"curies":[{"name":"wp","href":"https:\/\/api.w.org\/{rel}","templated":true}]}}