{"id":1091,"date":"2022-05-24T12:00:33","date_gmt":"2022-05-24T10:00:33","guid":{"rendered":"https:\/\/bestdream.hu\/termek\/travel-memory\/"},"modified":"2022-07-06T13:20:44","modified_gmt":"2022-07-06T11:20:44","slug":"travel-memory","status":"publish","type":"product","link":"https:\/\/bestdream.hu\/de\/termek\/travel-memory\/","title":{"rendered":"Travel Memory"},"content":{"rendered":"<p>Multifunktionales, ergonomisch geformtes, weiches, bequemes Kissen aus Memory Schaum, perfekt f\u00fcr unterwegs. Dank seiner ergonomischen Form passt es sich verschiedenen Schlafpositionen an und st\u00fctzt den Nacken angemessen. Dank dem Memory-Material l\u00e4sst sich das Kissen komprimieren, wodurch man es praktisch \u00fcberall bequem mitnehmen kann.<\/p>\n","protected":false},"excerpt":{"rendered":"<ul>\n<li>Gr\u00f6\u00dfe: 50\u00d730 cm<\/li>\n<li>H\u00f6he: 9-11 cm<\/li>\n<li>Allgemeine Garantie<\/li>\n<\/ul>\n<p>&nbsp;<\/p>\n","protected":false},"featured_media":3595,"comment_status":"closed","ping_status":"closed","template":"","meta":{"inline_featured_image":false},"product_brand":[],"product_cat":[66],"product_tag":[],"class_list":{"0":"post-1091","1":"product","2":"type-product","3":"status-publish","4":"has-post-thumbnail","6":"product_cat-kissen","8":"first","9":"instock","10":"shipping-taxable","11":"product-type-simple"},"_links":{"self":[{"href":"https:\/\/bestdream.hu\/de\/wp-json\/wp\/v2\/product\/1091","targetHints":{"allow":["GET"]}}],"collection":[{"href":"https:\/\/bestdream.hu\/de\/wp-json\/wp\/v2\/product"}],"about":[{"href":"https:\/\/bestdream.hu\/de\/wp-json\/wp\/v2\/types\/product"}],"replies":[{"embeddable":true,"href":"https:\/\/bestdream.hu\/de\/wp-json\/wp\/v2\/comments?post=1091"}],"wp:featuredmedia":[{"embeddable":true,"href":"https:\/\/bestdream.hu\/de\/wp-json\/wp\/v2\/media\/3595"}],"wp:attachment":[{"href":"https:\/\/bestdream.hu\/de\/wp-json\/wp\/v2\/media?parent=1091"}],"wp:term":[{"taxonomy":"product_brand","embeddable":true,"href":"https:\/\/bestdream.hu\/de\/wp-json\/wp\/v2\/product_brand?post=1091"},{"taxonomy":"product_cat","embeddable":true,"href":"https:\/\/bestdream.hu\/de\/wp-json\/wp\/v2\/product_cat?post=1091"},{"taxonomy":"product_tag","embeddable":true,"href":"https:\/\/bestdream.hu\/de\/wp-json\/wp\/v2\/product_tag?post=1091"}],"curies":[{"name":"wp","href":"https:\/\/api.w.org\/{rel}","templated":true}]}}