{"id":1092,"date":"2022-05-24T11:58:57","date_gmt":"2022-05-24T09:58:57","guid":{"rendered":"https:\/\/bestdream.hu\/termek\/anatomic\/"},"modified":"2022-07-08T15:38:57","modified_gmt":"2022-07-08T13:38:57","slug":"anatomic","status":"publish","type":"product","link":"https:\/\/bestdream.hu\/de\/termek\/anatomic\/","title":{"rendered":"Anatomic"},"content":{"rendered":"<p>Kissen aus Memory-Schaum. Es passt sich perfekt der Kopf- und Halsform an. Seine hervorragenden orthop\u00e4dischen Eigenschaften wurden durch die anatomische Formgebung des Kissens erreicht, die die Durchblutung verbessert und maximalen Komfort und Unterst\u00fctzung f\u00fcr die Nacken- und Schultermuskulatur bietet.<\/p>\n","protected":false},"excerpt":{"rendered":"<ul>\n<li>Gr\u00f6\u00dfe: 68\u00d736 cm<\/li>\n<li>H\u00f6he: 9-12 cm<\/li>\n<li>Allgemeine Garantie<\/li>\n<\/ul>\n<p>&nbsp;<\/p>\n","protected":false},"featured_media":3577,"comment_status":"closed","ping_status":"closed","template":"","meta":{"inline_featured_image":false},"product_brand":[],"product_cat":[66],"product_tag":[],"class_list":{"0":"post-1092","1":"product","2":"type-product","3":"status-publish","4":"has-post-thumbnail","6":"product_cat-kissen","8":"first","9":"instock","10":"shipping-taxable","11":"product-type-simple"},"_links":{"self":[{"href":"https:\/\/bestdream.hu\/de\/wp-json\/wp\/v2\/product\/1092","targetHints":{"allow":["GET"]}}],"collection":[{"href":"https:\/\/bestdream.hu\/de\/wp-json\/wp\/v2\/product"}],"about":[{"href":"https:\/\/bestdream.hu\/de\/wp-json\/wp\/v2\/types\/product"}],"replies":[{"embeddable":true,"href":"https:\/\/bestdream.hu\/de\/wp-json\/wp\/v2\/comments?post=1092"}],"wp:featuredmedia":[{"embeddable":true,"href":"https:\/\/bestdream.hu\/de\/wp-json\/wp\/v2\/media\/3577"}],"wp:attachment":[{"href":"https:\/\/bestdream.hu\/de\/wp-json\/wp\/v2\/media?parent=1092"}],"wp:term":[{"taxonomy":"product_brand","embeddable":true,"href":"https:\/\/bestdream.hu\/de\/wp-json\/wp\/v2\/product_brand?post=1092"},{"taxonomy":"product_cat","embeddable":true,"href":"https:\/\/bestdream.hu\/de\/wp-json\/wp\/v2\/product_cat?post=1092"},{"taxonomy":"product_tag","embeddable":true,"href":"https:\/\/bestdream.hu\/de\/wp-json\/wp\/v2\/product_tag?post=1092"}],"curies":[{"name":"wp","href":"https:\/\/api.w.org\/{rel}","templated":true}]}}