{"id":1093,"date":"2022-05-24T11:57:33","date_gmt":"2022-05-24T09:57:33","guid":{"rendered":"https:\/\/bestdream.hu\/termek\/travel-wave\/"},"modified":"2022-07-08T15:40:32","modified_gmt":"2022-07-08T13:40:32","slug":"travel-wave","status":"publish","type":"product","link":"https:\/\/bestdream.hu\/de\/termek\/travel-wave\/","title":{"rendered":"Travel Wave"},"content":{"rendered":"<p>Ein anatomisch geformtes Memory-Foam-Wellenkissen passt sich perfekt an die Kopf-, Nacken- und Schulterform an und bietet dadurch ideale Unterst\u00fctzung f\u00fcr R\u00fccken- und Seitenschl\u00e4fer.<\/p>\n","protected":false},"excerpt":{"rendered":"<ul>\n<li>Gr\u00f6\u00dfe: 50\u00d730 cm<\/li>\n<li>H\u00f6he: 9-11 cm<\/li>\n<li>Allgemeine Garantie<\/li>\n<\/ul>\n<p>&nbsp;<\/p>\n","protected":false},"featured_media":3598,"comment_status":"closed","ping_status":"closed","template":"","meta":{"inline_featured_image":false},"product_brand":[],"product_cat":[66],"product_tag":[],"class_list":{"0":"post-1093","1":"product","2":"type-product","3":"status-publish","4":"has-post-thumbnail","6":"product_cat-kissen","8":"first","9":"instock","10":"shipping-taxable","11":"product-type-simple"},"_links":{"self":[{"href":"https:\/\/bestdream.hu\/de\/wp-json\/wp\/v2\/product\/1093","targetHints":{"allow":["GET"]}}],"collection":[{"href":"https:\/\/bestdream.hu\/de\/wp-json\/wp\/v2\/product"}],"about":[{"href":"https:\/\/bestdream.hu\/de\/wp-json\/wp\/v2\/types\/product"}],"replies":[{"embeddable":true,"href":"https:\/\/bestdream.hu\/de\/wp-json\/wp\/v2\/comments?post=1093"}],"wp:featuredmedia":[{"embeddable":true,"href":"https:\/\/bestdream.hu\/de\/wp-json\/wp\/v2\/media\/3598"}],"wp:attachment":[{"href":"https:\/\/bestdream.hu\/de\/wp-json\/wp\/v2\/media?parent=1093"}],"wp:term":[{"taxonomy":"product_brand","embeddable":true,"href":"https:\/\/bestdream.hu\/de\/wp-json\/wp\/v2\/product_brand?post=1093"},{"taxonomy":"product_cat","embeddable":true,"href":"https:\/\/bestdream.hu\/de\/wp-json\/wp\/v2\/product_cat?post=1093"},{"taxonomy":"product_tag","embeddable":true,"href":"https:\/\/bestdream.hu\/de\/wp-json\/wp\/v2\/product_tag?post=1093"}],"curies":[{"name":"wp","href":"https:\/\/api.w.org\/{rel}","templated":true}]}}