{"id":1094,"date":"2022-05-24T11:51:28","date_gmt":"2022-05-24T09:51:28","guid":{"rendered":"https:\/\/bestdream.hu\/termek\/mikroszalas-matracvedo\/"},"modified":"2022-07-06T13:30:33","modified_gmt":"2022-07-06T11:30:33","slug":"mikrofaser-bettschoner","status":"publish","type":"product","link":"https:\/\/bestdream.hu\/de\/termek\/mikrofaser-bettschoner\/","title":{"rendered":"Mikrofaser-Bettschoner"},"content":{"rendered":"<p><img loading=\"lazy\" decoding=\"async\" class=\"wp-image-183 size-square alignleft\" src=\"https:\/\/bestdream.hu\/wp-content\/uploads\/2022\/05\/MAT_VEDO_COM_02_01-300x300-1-180x180.png\" alt=\"Mikrosz\u00e1las matracv\u00e9d\u0151\" width=\"180\" height=\"180\" srcset=\"https:\/\/bestdream.hu\/wp-content\/uploads\/2022\/05\/MAT_VEDO_COM_02_01-300x300-1-180x180.png 180w, https:\/\/bestdream.hu\/wp-content\/uploads\/2022\/05\/MAT_VEDO_COM_02_01-300x300-1-100x100.png 100w, https:\/\/bestdream.hu\/wp-content\/uploads\/2022\/05\/MAT_VEDO_COM_02_01-300x300-1.png 300w, https:\/\/bestdream.hu\/wp-content\/uploads\/2022\/05\/MAT_VEDO_COM_02_01-300x300-1-80x80.png 80w, https:\/\/bestdream.hu\/wp-content\/uploads\/2022\/05\/MAT_VEDO_COM_02_01-300x300-1-36x36.png 36w\" sizes=\"auto, (max-width: 180px) 100vw, 180px\" \/><\/p>\n<p>Das Oberfl\u00e4chenmaterial des Produkts ist eine 100% Mikrofaserstoff, weich und glatt bei Ber\u00fchrung. Der Bettschoner mit einer komfortablen Funktion, er ist nicht undurchl\u00e4ssig! Dank den praktischen Gummiohren in 4 Ecken des Schoners kann dieser sehr einfach auf jede Art von Bett und Matratze befestigt werden. Das Verschieben der F\u00fcllung verhindern spezielle N\u00e4hte mit Maschinenversteppung.<\/p>\n","protected":false},"excerpt":{"rendered":"<ul>\n<li>Oberfl\u00e4chenmaterial :85 gr\/m\u00b2, mikrosz\u00e1las sz\u00f6vet (100% poli\u00e9szter)<\/li>\n<li>Ausf\u00fcllmaterial: 200 gr\/m\u00b2, 100% poli\u00e9szter<\/li>\n<li>Gummiband: Gewebeband mit einem 40 mm Gummi<\/li>\n<li>Waschtemperatur: max. 40\u00b0C<\/li>\n<li>Bleichen: verboten<\/li>\n<li>Trocknen: bei niedriger Temperatur<\/li>\n<li>Allgemeine Garantie<\/li>\n<\/ul>\n","protected":false},"featured_media":447,"comment_status":"closed","ping_status":"closed","template":"","meta":{"inline_featured_image":false},"product_brand":[],"product_cat":[65],"product_tag":[],"class_list":{"0":"post-1094","1":"product","2":"type-product","3":"status-publish","4":"has-post-thumbnail","6":"product_cat-matratzenschoner","8":"first","9":"instock","10":"shipping-taxable","11":"product-type-simple"},"_links":{"self":[{"href":"https:\/\/bestdream.hu\/de\/wp-json\/wp\/v2\/product\/1094","targetHints":{"allow":["GET"]}}],"collection":[{"href":"https:\/\/bestdream.hu\/de\/wp-json\/wp\/v2\/product"}],"about":[{"href":"https:\/\/bestdream.hu\/de\/wp-json\/wp\/v2\/types\/product"}],"replies":[{"embeddable":true,"href":"https:\/\/bestdream.hu\/de\/wp-json\/wp\/v2\/comments?post=1094"}],"wp:featuredmedia":[{"embeddable":true,"href":"https:\/\/bestdream.hu\/de\/wp-json\/wp\/v2\/media\/447"}],"wp:attachment":[{"href":"https:\/\/bestdream.hu\/de\/wp-json\/wp\/v2\/media?parent=1094"}],"wp:term":[{"taxonomy":"product_brand","embeddable":true,"href":"https:\/\/bestdream.hu\/de\/wp-json\/wp\/v2\/product_brand?post=1094"},{"taxonomy":"product_cat","embeddable":true,"href":"https:\/\/bestdream.hu\/de\/wp-json\/wp\/v2\/product_cat?post=1094"},{"taxonomy":"product_tag","embeddable":true,"href":"https:\/\/bestdream.hu\/de\/wp-json\/wp\/v2\/product_tag?post=1094"}],"curies":[{"name":"wp","href":"https:\/\/api.w.org\/{rel}","templated":true}]}}