{"id":1095,"date":"2022-05-24T11:48:55","date_gmt":"2022-05-24T09:48:55","guid":{"rendered":"https:\/\/bestdream.hu\/termek\/vizzaro-matracvedo\/"},"modified":"2022-07-06T13:36:37","modified_gmt":"2022-07-06T11:36:37","slug":"wasserdichter-bettschutz","status":"publish","type":"product","link":"https:\/\/bestdream.hu\/de\/termek\/wasserdichter-bettschutz\/","title":{"rendered":"Wasserdichter Bettschutz"},"content":{"rendered":"<p><img loading=\"lazy\" decoding=\"async\" class=\"wp-image-179 size-square alignleft\" src=\"https:\/\/bestdream.hu\/wp-content\/uploads\/2022\/05\/MAT_VEDO_WATERP-180x180.png\" alt=\"V\u00edzz\u00e1r\u00f3 matracv\u00e9d\u0151\" width=\"180\" height=\"180\" srcset=\"https:\/\/bestdream.hu\/wp-content\/uploads\/2022\/05\/MAT_VEDO_WATERP-180x180.png 180w, https:\/\/bestdream.hu\/wp-content\/uploads\/2022\/05\/MAT_VEDO_WATERP-100x100.png 100w, https:\/\/bestdream.hu\/wp-content\/uploads\/2022\/05\/MAT_VEDO_WATERP.png 300w, https:\/\/bestdream.hu\/wp-content\/uploads\/2022\/05\/MAT_VEDO_WATERP-80x80.png 80w, https:\/\/bestdream.hu\/wp-content\/uploads\/2022\/05\/MAT_VEDO_WATERP-36x36.png 36w\" sizes=\"auto, (max-width: 180px) 100vw, 180px\" \/><\/p>\n<p>Undurchl\u00e4ssiger\/Wasserdichter Bettschutz mit dem Frottee-Material, das hilft, das Bettklima zu erhalten. Das Material atmet in der Gegenrichtung, um die Verstockung des Betts zu vermeiden. Die Querbefestigung mit breiten Gummib\u00e4ndern f\u00fcr schnellere und sicherere Befestigung.<\/p>\n","protected":false},"excerpt":{"rendered":"<ul>\n<li>Oberfl\u00e4chenmaterial: 190 gr\/m\u00b2 Frottee, Polyester<\/li>\n<li>Gummiband: Gewebeband mit einem 40 mm Gummi<\/li>\n<li>Waschtemperatur: max. 90\u00b0C<\/li>\n<li>Trocknen: bei niedriger Temperatur<\/li>\n<li>80 % Baumwolle, 20% Polyester<\/li>\n<\/ul>\n","protected":false},"featured_media":445,"comment_status":"closed","ping_status":"closed","template":"","meta":{"inline_featured_image":false},"product_brand":[],"product_cat":[65],"product_tag":[],"class_list":{"0":"post-1095","1":"product","2":"type-product","3":"status-publish","4":"has-post-thumbnail","6":"product_cat-matratzenschoner","8":"first","9":"instock","10":"shipping-taxable","11":"product-type-simple"},"_links":{"self":[{"href":"https:\/\/bestdream.hu\/de\/wp-json\/wp\/v2\/product\/1095","targetHints":{"allow":["GET"]}}],"collection":[{"href":"https:\/\/bestdream.hu\/de\/wp-json\/wp\/v2\/product"}],"about":[{"href":"https:\/\/bestdream.hu\/de\/wp-json\/wp\/v2\/types\/product"}],"replies":[{"embeddable":true,"href":"https:\/\/bestdream.hu\/de\/wp-json\/wp\/v2\/comments?post=1095"}],"wp:featuredmedia":[{"embeddable":true,"href":"https:\/\/bestdream.hu\/de\/wp-json\/wp\/v2\/media\/445"}],"wp:attachment":[{"href":"https:\/\/bestdream.hu\/de\/wp-json\/wp\/v2\/media?parent=1095"}],"wp:term":[{"taxonomy":"product_brand","embeddable":true,"href":"https:\/\/bestdream.hu\/de\/wp-json\/wp\/v2\/product_brand?post=1095"},{"taxonomy":"product_cat","embeddable":true,"href":"https:\/\/bestdream.hu\/de\/wp-json\/wp\/v2\/product_cat?post=1095"},{"taxonomy":"product_tag","embeddable":true,"href":"https:\/\/bestdream.hu\/de\/wp-json\/wp\/v2\/product_tag?post=1095"}],"curies":[{"name":"wp","href":"https:\/\/api.w.org\/{rel}","templated":true}]}}