{"id":1096,"date":"2022-05-24T11:48:29","date_gmt":"2022-05-24T09:48:29","guid":{"rendered":"https:\/\/bestdream.hu\/termek\/premium-vizzaro-matracvedo\/"},"modified":"2022-07-06T13:40:28","modified_gmt":"2022-07-06T11:40:28","slug":"wasserbestaendiger-premium-matratzenschoner","status":"publish","type":"product","link":"https:\/\/bestdream.hu\/de\/termek\/wasserbestaendiger-premium-matratzenschoner\/","title":{"rendered":"Wasserbest\u00e4ndiger Premium Matratzenschoner"},"content":{"rendered":"<p><img loading=\"lazy\" decoding=\"async\" class=\"size-square wp-image-176 alignleft\" src=\"https:\/\/bestdream.hu\/wp-content\/uploads\/2022\/05\/premium-180x180.png\" alt=\"Pr\u00e9mium v\u00edzz\u00e1r\u00f3 matracv\u00e9d\u0151\" width=\"180\" height=\"180\" srcset=\"https:\/\/bestdream.hu\/wp-content\/uploads\/2022\/05\/premium-180x180.png 180w, https:\/\/bestdream.hu\/wp-content\/uploads\/2022\/05\/premium-100x100.png 100w, https:\/\/bestdream.hu\/wp-content\/uploads\/2022\/05\/premium.png 300w, https:\/\/bestdream.hu\/wp-content\/uploads\/2022\/05\/premium-80x80.png 80w, https:\/\/bestdream.hu\/wp-content\/uploads\/2022\/05\/premium-36x36.png 36w\" sizes=\"auto, (max-width: 180px) 100vw, 180px\" \/><\/p>\n<p>Das mit Polyurethan gef\u00fcllte Material in einem doppelten Bezug sch\u00fctzt die Matratze vor Verschmutzung, durch dessen Verwendung wird die Lebensdauer des Produktes erheblich verl\u00e4ngert. In allen vier Ecken des Matratzenschutzes befindet sich ein Gummiband, mit dessen Hilfe er leicht und sicher befestigt wird. Dank der leichten Reinigung wird er vor allem f\u00fcr Familien mit Kleinkindern und bei Behandlung der Patienten empfohlen.<\/p>\n","protected":false},"excerpt":{"rendered":"<ul>\n<li>wasserabweisend und atmungsaktiv<\/li>\n<li>40% Baumwolle, 60% Polyester<\/li>\n<li>antiallergisch<\/li>\n<li>Milbenschutz<\/li>\n<li>waschbar bei 90\u00b0C<\/li>\n<li>Ausf\u00fcllmaterial : 300 g\/m\u00b2<\/li>\n<\/ul>\n","protected":false},"featured_media":441,"comment_status":"closed","ping_status":"closed","template":"","meta":{"inline_featured_image":false},"product_brand":[],"product_cat":[65],"product_tag":[],"class_list":{"0":"post-1096","1":"product","2":"type-product","3":"status-publish","4":"has-post-thumbnail","6":"product_cat-matratzenschoner","8":"first","9":"instock","10":"shipping-taxable","11":"product-type-simple"},"_links":{"self":[{"href":"https:\/\/bestdream.hu\/de\/wp-json\/wp\/v2\/product\/1096","targetHints":{"allow":["GET"]}}],"collection":[{"href":"https:\/\/bestdream.hu\/de\/wp-json\/wp\/v2\/product"}],"about":[{"href":"https:\/\/bestdream.hu\/de\/wp-json\/wp\/v2\/types\/product"}],"replies":[{"embeddable":true,"href":"https:\/\/bestdream.hu\/de\/wp-json\/wp\/v2\/comments?post=1096"}],"wp:featuredmedia":[{"embeddable":true,"href":"https:\/\/bestdream.hu\/de\/wp-json\/wp\/v2\/media\/441"}],"wp:attachment":[{"href":"https:\/\/bestdream.hu\/de\/wp-json\/wp\/v2\/media?parent=1096"}],"wp:term":[{"taxonomy":"product_brand","embeddable":true,"href":"https:\/\/bestdream.hu\/de\/wp-json\/wp\/v2\/product_brand?post=1096"},{"taxonomy":"product_cat","embeddable":true,"href":"https:\/\/bestdream.hu\/de\/wp-json\/wp\/v2\/product_cat?post=1096"},{"taxonomy":"product_tag","embeddable":true,"href":"https:\/\/bestdream.hu\/de\/wp-json\/wp\/v2\/product_tag?post=1096"}],"curies":[{"name":"wp","href":"https:\/\/api.w.org\/{rel}","templated":true}]}}