{"id":1099,"date":"2022-05-24T11:40:58","date_gmt":"2022-05-24T09:40:58","guid":{"rendered":"https:\/\/bestdream.hu\/termek\/gel-latex-topper\/"},"modified":"2022-07-06T13:50:05","modified_gmt":"2022-07-06T11:50:05","slug":"gel-latex-topper","status":"publish","type":"product","link":"https:\/\/bestdream.hu\/de\/termek\/gel-latex-topper\/","title":{"rendered":"Gel Latex Topper"},"content":{"rendered":"<p><img loading=\"lazy\" decoding=\"async\" class=\"wp-image-170 size-full alignright\" src=\"https:\/\/bestdream.hu\/wp-content\/uploads\/2022\/05\/COOLING_latex_2019-150x150-1.png\" alt=\"Gel Latex Topper\" width=\"150\" height=\"150\" srcset=\"https:\/\/bestdream.hu\/wp-content\/uploads\/2022\/05\/COOLING_latex_2019-150x150-1.png 150w, https:\/\/bestdream.hu\/wp-content\/uploads\/2022\/05\/COOLING_latex_2019-150x150-1-100x100.png 100w, https:\/\/bestdream.hu\/wp-content\/uploads\/2022\/05\/COOLING_latex_2019-150x150-1-80x80.png 80w, https:\/\/bestdream.hu\/wp-content\/uploads\/2022\/05\/COOLING_latex_2019-150x150-1-36x36.png 36w\" sizes=\"auto, (max-width: 150px) 100vw, 150px\" \/><\/p>\n<p>Die im Latexgelschaum enthaltenen Gelpartikel mit hervorragenden thermoregulierenden Eigenschaften erm\u00f6glichen ein k\u00fchleres, frischeres Liegegef\u00fchl im Bett, reduzieren die Feuchtigkeitsaufnahme und die \u00d6ffnungen im Topper sorgen f\u00fcr eine hervorragende Bel\u00fcftung.<\/p>\n","protected":false},"excerpt":{"rendered":"<ul>\n<li>H\u00f6he: 4cm<\/li>\n<li>Gel-latex Dichte: 65 kg\/m3<\/li>\n<li>Waschtemperatur: 40\u00b0C<\/li>\n<li>Vakuumverpackt (f\u00fcr leichteren Transport)<\/li>\n<\/ul>\n","protected":false},"featured_media":433,"comment_status":"closed","ping_status":"closed","template":"","meta":{"inline_featured_image":false},"product_brand":[],"product_cat":[64],"product_tag":[],"class_list":{"0":"post-1099","1":"product","2":"type-product","3":"status-publish","4":"has-post-thumbnail","6":"product_cat-matratzenauflagen","8":"first","9":"instock","10":"shipping-taxable","11":"product-type-simple"},"_links":{"self":[{"href":"https:\/\/bestdream.hu\/de\/wp-json\/wp\/v2\/product\/1099","targetHints":{"allow":["GET"]}}],"collection":[{"href":"https:\/\/bestdream.hu\/de\/wp-json\/wp\/v2\/product"}],"about":[{"href":"https:\/\/bestdream.hu\/de\/wp-json\/wp\/v2\/types\/product"}],"replies":[{"embeddable":true,"href":"https:\/\/bestdream.hu\/de\/wp-json\/wp\/v2\/comments?post=1099"}],"wp:featuredmedia":[{"embeddable":true,"href":"https:\/\/bestdream.hu\/de\/wp-json\/wp\/v2\/media\/433"}],"wp:attachment":[{"href":"https:\/\/bestdream.hu\/de\/wp-json\/wp\/v2\/media?parent=1099"}],"wp:term":[{"taxonomy":"product_brand","embeddable":true,"href":"https:\/\/bestdream.hu\/de\/wp-json\/wp\/v2\/product_brand?post=1099"},{"taxonomy":"product_cat","embeddable":true,"href":"https:\/\/bestdream.hu\/de\/wp-json\/wp\/v2\/product_cat?post=1099"},{"taxonomy":"product_tag","embeddable":true,"href":"https:\/\/bestdream.hu\/de\/wp-json\/wp\/v2\/product_tag?post=1099"}],"curies":[{"name":"wp","href":"https:\/\/api.w.org\/{rel}","templated":true}]}}