{"id":1100,"date":"2022-05-24T11:35:47","date_gmt":"2022-05-24T09:35:47","guid":{"rendered":"https:\/\/bestdream.hu\/termek\/memory-topper\/"},"modified":"2022-07-06T13:47:37","modified_gmt":"2022-07-06T11:47:37","slug":"memory-topper","status":"publish","type":"product","link":"https:\/\/bestdream.hu\/de\/termek\/memory-topper\/","title":{"rendered":"Memory Topper"},"content":{"rendered":"<p><img loading=\"lazy\" decoding=\"async\" class=\"size-square wp-image-137 alignright\" src=\"https:\/\/bestdream.hu\/wp-content\/uploads\/2022\/05\/memory_kez_korben-180x180.png\" alt=\"memory hab\" width=\"180\" height=\"180\" srcset=\"https:\/\/bestdream.hu\/wp-content\/uploads\/2022\/05\/memory_kez_korben-180x180.png 180w, https:\/\/bestdream.hu\/wp-content\/uploads\/2022\/05\/memory_kez_korben-100x100.png 100w, https:\/\/bestdream.hu\/wp-content\/uploads\/2022\/05\/memory_kez_korben-80x80.png 80w, https:\/\/bestdream.hu\/wp-content\/uploads\/2022\/05\/memory_kez_korben-36x36.png 36w, https:\/\/bestdream.hu\/wp-content\/uploads\/2022\/05\/memory_kez_korben.png 234w\" sizes=\"auto, (max-width: 180px) 100vw, 180px\" \/><\/p>\n<p>Die Matratze Memory Topper wurde mit dem Ziel entwickelt, den Komfort beim Schlaf zu erh\u00f6hen, die zu harte oder unangenehme Oberfl\u00e4che zu verbessern. Dank diesem Memory-Topper sorgen Sie f\u00fcr einen besseren und feineren Schlaf, ohne die Matratze auszutauschen. Der 4 cm Memory-Schaum hat die Dichte 50 kg\/m\u00b3 und passt sich perfekt an Ihren K\u00f6rper an. Er stabilisiert optimal das Bett. Der Matratzebezug ist antiallergisch, abnehmbar und waschbar.<\/p>\n<p>(Der Farbton des Stoffs und das N\u00e4hen k\u00f6nnen von denen in der Abbildung abweichen).<\/p>\n","protected":false},"excerpt":{"rendered":"<ul>\n<li>H\u00f6he: 4cm<\/li>\n<li>Memory Dichte: 65 kg\/m3<\/li>\n<li>Waschtemperatur: 40\u00b0C<\/li>\n<li>Vakuumverpackt (f\u00fcr leichteren Transport)<\/li>\n<\/ul>\n","protected":false},"featured_media":429,"comment_status":"closed","ping_status":"closed","template":"","meta":{"inline_featured_image":false},"product_brand":[],"product_cat":[64],"product_tag":[],"class_list":{"0":"post-1100","1":"product","2":"type-product","3":"status-publish","4":"has-post-thumbnail","6":"product_cat-matratzenauflagen","8":"first","9":"instock","10":"shipping-taxable","11":"product-type-simple"},"_links":{"self":[{"href":"https:\/\/bestdream.hu\/de\/wp-json\/wp\/v2\/product\/1100","targetHints":{"allow":["GET"]}}],"collection":[{"href":"https:\/\/bestdream.hu\/de\/wp-json\/wp\/v2\/product"}],"about":[{"href":"https:\/\/bestdream.hu\/de\/wp-json\/wp\/v2\/types\/product"}],"replies":[{"embeddable":true,"href":"https:\/\/bestdream.hu\/de\/wp-json\/wp\/v2\/comments?post=1100"}],"wp:featuredmedia":[{"embeddable":true,"href":"https:\/\/bestdream.hu\/de\/wp-json\/wp\/v2\/media\/429"}],"wp:attachment":[{"href":"https:\/\/bestdream.hu\/de\/wp-json\/wp\/v2\/media?parent=1100"}],"wp:term":[{"taxonomy":"product_brand","embeddable":true,"href":"https:\/\/bestdream.hu\/de\/wp-json\/wp\/v2\/product_brand?post=1100"},{"taxonomy":"product_cat","embeddable":true,"href":"https:\/\/bestdream.hu\/de\/wp-json\/wp\/v2\/product_cat?post=1100"},{"taxonomy":"product_tag","embeddable":true,"href":"https:\/\/bestdream.hu\/de\/wp-json\/wp\/v2\/product_tag?post=1100"}],"curies":[{"name":"wp","href":"https:\/\/api.w.org\/{rel}","templated":true}]}}