{"id":1101,"date":"2022-05-24T11:32:42","date_gmt":"2022-05-24T09:32:42","guid":{"rendered":"https:\/\/bestdream.hu\/termek\/bambino\/"},"modified":"2022-07-06T14:07:37","modified_gmt":"2022-07-06T12:07:37","slug":"bambino-matratze-fuer-kinder","status":"publish","type":"product","link":"https:\/\/bestdream.hu\/de\/termek\/bambino-matratze-fuer-kinder\/","title":{"rendered":"Bambino"},"content":{"rendered":"<p>Ausgezeichnete orthop\u00e4dische Matratze f\u00fcr Kinder. Sie ist aus einem Doppelsteifigkeitskaltschaum hergestellt, die sich dem Gewicht und dem K\u00f6rper Ihres Kindes anpasst. Die weichere Seite ist f\u00fcr j\u00fcngere und die h\u00e4rtere Seite f\u00fcr \u00e4ltere Kinder optimal. Ausgezeichnet unterst\u00fctzt sie die anatomische Haltung und die Wirbels\u00e4ule. Sie ist warm und bietet einen perfekten Komfort f\u00fcr die Entwicklung des Kindes. Die Matratze ist f\u00fcr M\u00e4dchen in Rosa und f\u00fcr Jungen in Blau erh\u00e4ltlich.<\/p>\n<p><img loading=\"lazy\" decoding=\"async\" class=\"alignnone wp-image-163\" src=\"https:\/\/bestdream.hu\/wp-content\/uploads\/2022\/05\/BAMBINO-METSZET.png\" alt=\"bambino matrac\" width=\"400\" height=\"277\" srcset=\"https:\/\/bestdream.hu\/wp-content\/uploads\/2022\/05\/BAMBINO-METSZET.png 1024w, https:\/\/bestdream.hu\/wp-content\/uploads\/2022\/05\/BAMBINO-METSZET-300x208.png 300w, https:\/\/bestdream.hu\/wp-content\/uploads\/2022\/05\/BAMBINO-METSZET-600x416.png 600w, https:\/\/bestdream.hu\/wp-content\/uploads\/2022\/05\/BAMBINO-METSZET-768x533.png 768w, https:\/\/bestdream.hu\/wp-content\/uploads\/2022\/05\/BAMBINO-METSZET-705x489.png 705w\" sizes=\"auto, (max-width: 400px) 100vw, 400px\" \/><\/p>\n<ol>\n<li>Der Bezug ist abnehmbar und bei 30 \u00b0C waschbar.<\/li>\n<li>Dichte der PU-Kerns 28 kg\/m\u00b3 (0\u20132 Jahre)<\/li>\n<li>Dichte der PU\u2013Kerns 30 kg\/m\u00b3 (2\u20135 Jahre)<\/li>\n<\/ol>\n<p>&nbsp;<\/p>\n<p><img loading=\"lazy\" decoding=\"async\" class=\"alignnone wp-image-164 size-square\" src=\"https:\/\/bestdream.hu\/wp-content\/uploads\/2022\/05\/bambino_kek-180x180.jpeg\" alt=\"bambino matrac\" width=\"180\" height=\"180\" srcset=\"https:\/\/bestdream.hu\/wp-content\/uploads\/2022\/05\/bambino_kek-180x180.jpeg 180w, https:\/\/bestdream.hu\/wp-content\/uploads\/2022\/05\/bambino_kek-100x100.jpeg 100w, https:\/\/bestdream.hu\/wp-content\/uploads\/2022\/05\/bambino_kek.jpeg 300w, https:\/\/bestdream.hu\/wp-content\/uploads\/2022\/05\/bambino_kek-80x80.jpeg 80w, https:\/\/bestdream.hu\/wp-content\/uploads\/2022\/05\/bambino_kek-36x36.jpeg 36w\" sizes=\"auto, (max-width: 180px) 100vw, 180px\" \/> <img loading=\"lazy\" decoding=\"async\" class=\"alignnone wp-image-165 size-square\" src=\"https:\/\/bestdream.hu\/wp-content\/uploads\/2022\/05\/bambino_rozsaszin-180x180.jpeg\" alt=\"bambino matrac\" width=\"180\" height=\"180\" srcset=\"https:\/\/bestdream.hu\/wp-content\/uploads\/2022\/05\/bambino_rozsaszin-180x180.jpeg 180w, https:\/\/bestdream.hu\/wp-content\/uploads\/2022\/05\/bambino_rozsaszin-100x100.jpeg 100w, https:\/\/bestdream.hu\/wp-content\/uploads\/2022\/05\/bambino_rozsaszin.jpeg 300w, https:\/\/bestdream.hu\/wp-content\/uploads\/2022\/05\/bambino_rozsaszin-80x80.jpeg 80w, https:\/\/bestdream.hu\/wp-content\/uploads\/2022\/05\/bambino_rozsaszin-36x36.jpeg 36w\" sizes=\"auto, (max-width: 180px) 100vw, 180px\" \/><\/p>\n","protected":false},"excerpt":{"rendered":"<ul>\n<li>H\u00f6he: 12 cm<\/li>\n<li>Garantie: 5 Jahre<\/li>\n<li>Farben: rosa oder blau<\/li>\n<li>Vakuumverpackt (f\u00fcr leichteren Transport)<\/li>\n<\/ul>\n","protected":false},"featured_media":427,"comment_status":"closed","ping_status":"closed","template":"","meta":{"inline_featured_image":false},"product_brand":[],"product_cat":[50,60],"product_tag":[],"class_list":{"0":"post-1101","1":"product","2":"type-product","3":"status-publish","4":"has-post-thumbnail","6":"product_cat-matratzen","7":"product_cat-matratzen-fuer-kinder","9":"first","10":"instock","11":"shipping-taxable","12":"product-type-simple"},"_links":{"self":[{"href":"https:\/\/bestdream.hu\/de\/wp-json\/wp\/v2\/product\/1101","targetHints":{"allow":["GET"]}}],"collection":[{"href":"https:\/\/bestdream.hu\/de\/wp-json\/wp\/v2\/product"}],"about":[{"href":"https:\/\/bestdream.hu\/de\/wp-json\/wp\/v2\/types\/product"}],"replies":[{"embeddable":true,"href":"https:\/\/bestdream.hu\/de\/wp-json\/wp\/v2\/comments?post=1101"}],"wp:featuredmedia":[{"embeddable":true,"href":"https:\/\/bestdream.hu\/de\/wp-json\/wp\/v2\/media\/427"}],"wp:attachment":[{"href":"https:\/\/bestdream.hu\/de\/wp-json\/wp\/v2\/media?parent=1101"}],"wp:term":[{"taxonomy":"product_brand","embeddable":true,"href":"https:\/\/bestdream.hu\/de\/wp-json\/wp\/v2\/product_brand?post=1101"},{"taxonomy":"product_cat","embeddable":true,"href":"https:\/\/bestdream.hu\/de\/wp-json\/wp\/v2\/product_cat?post=1101"},{"taxonomy":"product_tag","embeddable":true,"href":"https:\/\/bestdream.hu\/de\/wp-json\/wp\/v2\/product_tag?post=1101"}],"curies":[{"name":"wp","href":"https:\/\/api.w.org\/{rel}","templated":true}]}}