{"id":1102,"date":"2022-05-24T10:20:40","date_gmt":"2022-05-24T08:20:40","guid":{"rendered":"https:\/\/bestdream.hu\/termek\/ps-7-zone-plus\/"},"modified":"2022-07-06T14:06:28","modified_gmt":"2022-07-06T12:06:28","slug":"ps-7-zone-plus","status":"publish","type":"product","link":"https:\/\/bestdream.hu\/de\/termek\/ps-7-zone-plus\/","title":{"rendered":"PS 7 Zone Plus"},"content":{"rendered":"<p>PS 7 Zone Plus ist je eine 7-Zonen-Matratze mit einem System aus 14cm hohen Taschenfedern (1,8-2,0 mm), die dank einer feinen 4cm Federschicht, die das Liegengef\u00fchl erh\u00f6ht, f\u00fcr perfekten Liegekomfort sorgt. Sie wird vor allem f\u00fcr Menschen empfohlen, die Matratzen mit Taschenfederkernen und einer extra weichen komfortablen Federschicht treu sind. Die Matratze ist aus dem SOYA-Gewebe hergestellt, das 100% antiallergische Eigenschaften hat, fein, weich bei der Ber\u00fchrung ist, eine hervorragende F\u00e4higkeit hat, Feuchte aufzunehmen, und das maximale W\u00e4rmeempfinden in allen Jahreszeiten bietet<\/p>\n<p><img loading=\"lazy\" decoding=\"async\" class=\"alignnone wp-image-160\" src=\"https:\/\/bestdream.hu\/wp-content\/uploads\/2022\/05\/PS-7-ZONE-PLUS-METSZET.png\" alt=\"PS 7 Zone Plus\" width=\"400\" height=\"267\" srcset=\"https:\/\/bestdream.hu\/wp-content\/uploads\/2022\/05\/PS-7-ZONE-PLUS-METSZET.png 550w, https:\/\/bestdream.hu\/wp-content\/uploads\/2022\/05\/PS-7-ZONE-PLUS-METSZET-300x200.png 300w\" sizes=\"auto, (max-width: 400px) 100vw, 400px\" \/><\/p>\n<ol>\n<li>SOYA abnehmbarer Bezug<\/li>\n<li>antiallergische F\u00fcllung<\/li>\n<li>atmungsaktive Schicht<\/li>\n<li>1,6cm schwammartige komfortable Schicht<\/li>\n<li>4cm Feder, die das Gef\u00fchl des Komforts erh\u00f6ht<\/li>\n<li>1,6cm schwammartige komfortable Schicht<\/li>\n<li>Filz<\/li>\n<li>7-Zonen-Taschenfedern aus hochwertigem Stahl in verschiedenen St\u00e4rken, 255 St\u00fcck\/m\u00b2<\/li>\n<li>Filz<\/li>\n<li>Atmungsaktives 3D-L\u00fcftungsgewebe<\/li>\n<\/ol>\n<p>&nbsp;<\/p>\n<p><img loading=\"lazy\" decoding=\"async\" class=\"alignleft wp-image-111 size-square\" src=\"https:\/\/bestdream.hu\/wp-content\/uploads\/2022\/05\/soya_latex_coco-180x180.jpeg\" alt=\"soya latex coco\" width=\"180\" height=\"180\" srcset=\"https:\/\/bestdream.hu\/wp-content\/uploads\/2022\/05\/soya_latex_coco-180x180.jpeg 180w, https:\/\/bestdream.hu\/wp-content\/uploads\/2022\/05\/soya_latex_coco-100x100.jpeg 100w, https:\/\/bestdream.hu\/wp-content\/uploads\/2022\/05\/soya_latex_coco.jpeg 300w, https:\/\/bestdream.hu\/wp-content\/uploads\/2022\/05\/soya_latex_coco-80x80.jpeg 80w, https:\/\/bestdream.hu\/wp-content\/uploads\/2022\/05\/soya_latex_coco-36x36.jpeg 36w\" sizes=\"auto, (max-width: 180px) 100vw, 180px\" \/><\/p>\n<p><strong>SOYA GEWEBE<\/strong><\/p>\n<p>Ein aus extrudierten Sojafasern hergestelltes Gewebe, es ist glatt und fein, mit Seidenglanz. Soja ist widerstandsf\u00e4higer und st\u00e4rker als Wolle, Baumwolle oder Seide. Sie hat hervorragende F\u00e4higkeit, Feuchte aufzunehmen, ist atmungsaktiv, wird schnell trocken, garantiert das Gef\u00fchl der maximalen Temperatur in jeder Jahreszeit.<\/p>\n","protected":false},"excerpt":{"rendered":"<ul>\n<li>H\u00f6he: 25 cm<\/li>\n<li>Belastbarkeit: max. 140 kg<\/li>\n<li>Garantie: 10 Jahre<\/li>\n<li>Kann nur offen geliefert werden (eingewickelt in Nylon)<\/li>\n<\/ul>\n","protected":false},"featured_media":419,"comment_status":"closed","ping_status":"closed","template":"","meta":{"inline_featured_image":false},"product_brand":[],"product_cat":[50,62,63],"product_tag":[],"class_list":{"0":"post-1102","1":"product","2":"type-product","3":"status-publish","4":"has-post-thumbnail","6":"product_cat-matratzen","7":"product_cat-federkernmatratzen","8":"product_cat-premium-matratzen","10":"first","11":"instock","12":"shipping-taxable","13":"product-type-simple"},"_links":{"self":[{"href":"https:\/\/bestdream.hu\/de\/wp-json\/wp\/v2\/product\/1102","targetHints":{"allow":["GET"]}}],"collection":[{"href":"https:\/\/bestdream.hu\/de\/wp-json\/wp\/v2\/product"}],"about":[{"href":"https:\/\/bestdream.hu\/de\/wp-json\/wp\/v2\/types\/product"}],"replies":[{"embeddable":true,"href":"https:\/\/bestdream.hu\/de\/wp-json\/wp\/v2\/comments?post=1102"}],"wp:featuredmedia":[{"embeddable":true,"href":"https:\/\/bestdream.hu\/de\/wp-json\/wp\/v2\/media\/419"}],"wp:attachment":[{"href":"https:\/\/bestdream.hu\/de\/wp-json\/wp\/v2\/media?parent=1102"}],"wp:term":[{"taxonomy":"product_brand","embeddable":true,"href":"https:\/\/bestdream.hu\/de\/wp-json\/wp\/v2\/product_brand?post=1102"},{"taxonomy":"product_cat","embeddable":true,"href":"https:\/\/bestdream.hu\/de\/wp-json\/wp\/v2\/product_cat?post=1102"},{"taxonomy":"product_tag","embeddable":true,"href":"https:\/\/bestdream.hu\/de\/wp-json\/wp\/v2\/product_tag?post=1102"}],"curies":[{"name":"wp","href":"https:\/\/api.w.org\/{rel}","templated":true}]}}