{"id":1103,"date":"2022-05-24T10:18:23","date_gmt":"2022-05-24T08:18:23","guid":{"rendered":"https:\/\/bestdream.hu\/termek\/ps-7-zone-26-hd\/"},"modified":"2022-07-06T14:13:38","modified_gmt":"2022-07-06T12:13:38","slug":"ps-7-zone-26-hd","status":"publish","type":"product","link":"https:\/\/bestdream.hu\/de\/termek\/ps-7-zone-26-hd\/","title":{"rendered":"PS  7 Zone 26 HD"},"content":{"rendered":"<p>Die Matratze, die mit 255 Federn\/m\u00b2 die Form vollkommen kopiert, in Premium-Qualit\u00e4t, hart, normal, 40 kg\/m\u00b3 Kaltschaumschicht BAYGARD, antiallergisch, mit hervorragendem atmungsaktivem 3D-L\u00fcftungsgewebe auf Seiten, sorgt f\u00fcr einen gesunden und ungest\u00f6rten Schlaf. Best Dream PS 7 ZONE 26 HD Matratze kopiert dank dem 7-Zonen-Feder-System und der komfortablen einfachen Kaltschaumschicht perfekt die Form des liegenden K\u00f6rpers.<\/p>\n<p>Die Zonierung der Taschenfedern im Inneren der Matratze ergibt sich aus der Drahtst\u00e4rke (1,8-2,0 mm) und dem Abstand zwischen den Gewinden in den Federn. Die Auflage der Matratze ist dort hart, wo es notwendig ist, sie wellt nicht, man st\u00f6rt den Partner im Schlaf nicht. Es ist eine halbharte, antiallergische Matratze mit gro\u00dfer Haltbarkeit, die die Form des K\u00f6rpers nachahmt.<\/p>\n<p><img loading=\"lazy\" decoding=\"async\" class=\"alignnone wp-image-158\" src=\"https:\/\/bestdream.hu\/wp-content\/uploads\/2022\/05\/PS-7-ZONE-26-HD-METSZET.png\" alt=\"PS 7 Zone 26 HD\" width=\"400\" height=\"267\" srcset=\"https:\/\/bestdream.hu\/wp-content\/uploads\/2022\/05\/PS-7-ZONE-26-HD-METSZET.png 550w, https:\/\/bestdream.hu\/wp-content\/uploads\/2022\/05\/PS-7-ZONE-26-HD-METSZET-300x200.png 300w\" sizes=\"auto, (max-width: 400px) 100vw, 400px\" \/><\/p>\n<ol>\n<li>BAYGARD\u00ae Bezug<\/li>\n<li>antiallergische F\u00fcllung<\/li>\n<li>atmungsaktive Schicht<\/li>\n<li>4cm harte Schaumschicht (Dichte N 40 kg\/m\u00b3, Druck 5.0 kPa)<\/li>\n<li>7-Zonen-Taschenfedern aus hochwertigem Stahl in verschiedenen St\u00e4rken, 255 St\u00fcck\/m\u00b2<\/li>\n<li>4cm harte Schaumschicht (Dichte N 40 kg\/m\u00b3, Druck 5.0 kPa)<\/li>\n<li>atmungsaktives 3D-L\u00fcftungsgewebe<\/li>\n<\/ol>\n<p>&nbsp;<\/p>\n<p><img loading=\"lazy\" decoding=\"async\" class=\"alignleft wp-image-136 size-square\" src=\"https:\/\/bestdream.hu\/wp-content\/uploads\/2022\/05\/baygard-180x180.jpeg\" alt=\"baygard\" width=\"180\" height=\"180\" srcset=\"https:\/\/bestdream.hu\/wp-content\/uploads\/2022\/05\/baygard-180x180.jpeg 180w, https:\/\/bestdream.hu\/wp-content\/uploads\/2022\/05\/baygard-100x100.jpeg 100w, https:\/\/bestdream.hu\/wp-content\/uploads\/2022\/05\/baygard.jpeg 300w, https:\/\/bestdream.hu\/wp-content\/uploads\/2022\/05\/baygard-80x80.jpeg 80w, https:\/\/bestdream.hu\/wp-content\/uploads\/2022\/05\/baygard-36x36.jpeg 36w\" sizes=\"auto, (max-width: 180px) 100vw, 180px\" \/><\/p>\n<p><strong>BAYGARD\u00ae GEWEBE<\/strong><\/p>\n<p>Er bietet einen langfristigen Schutz gegen Staub und Milben, perfekt weist er die Feuchte ab. Die Fasern des Bezugsgewebes sind mit einem transparenten Schutz\u00fcberzug beschichtet, der Schmutz absto\u00dfen. Das verhindert das Ausbleichen und Zusammenkleben des Gewebes, wodurch eine angemessene Klimatisierung und Ventilation der Matratze gew\u00e4hrleistet wird.<\/p>\n","protected":false},"excerpt":{"rendered":"<ul>\n<li>H\u00f6he: 26 cm<\/li>\n<li>Belastbarkeit: max. 140 kg<\/li>\n<li>Garantie: 10 Jahre<\/li>\n<li>Kann nur offen geliefert werden (eingewickelt in Nylon)<\/li>\n<\/ul>\n","protected":false},"featured_media":3849,"comment_status":"closed","ping_status":"closed","template":"","meta":{"inline_featured_image":false},"product_brand":[],"product_cat":[62,50,63],"product_tag":[],"class_list":{"0":"post-1103","1":"product","2":"type-product","3":"status-publish","4":"has-post-thumbnail","6":"product_cat-federkernmatratzen","7":"product_cat-matratzen","8":"product_cat-premium-matratzen","10":"first","11":"instock","12":"shipping-taxable","13":"product-type-simple"},"_links":{"self":[{"href":"https:\/\/bestdream.hu\/de\/wp-json\/wp\/v2\/product\/1103","targetHints":{"allow":["GET"]}}],"collection":[{"href":"https:\/\/bestdream.hu\/de\/wp-json\/wp\/v2\/product"}],"about":[{"href":"https:\/\/bestdream.hu\/de\/wp-json\/wp\/v2\/types\/product"}],"replies":[{"embeddable":true,"href":"https:\/\/bestdream.hu\/de\/wp-json\/wp\/v2\/comments?post=1103"}],"wp:featuredmedia":[{"embeddable":true,"href":"https:\/\/bestdream.hu\/de\/wp-json\/wp\/v2\/media\/3849"}],"wp:attachment":[{"href":"https:\/\/bestdream.hu\/de\/wp-json\/wp\/v2\/media?parent=1103"}],"wp:term":[{"taxonomy":"product_brand","embeddable":true,"href":"https:\/\/bestdream.hu\/de\/wp-json\/wp\/v2\/product_brand?post=1103"},{"taxonomy":"product_cat","embeddable":true,"href":"https:\/\/bestdream.hu\/de\/wp-json\/wp\/v2\/product_cat?post=1103"},{"taxonomy":"product_tag","embeddable":true,"href":"https:\/\/bestdream.hu\/de\/wp-json\/wp\/v2\/product_tag?post=1103"}],"curies":[{"name":"wp","href":"https:\/\/api.w.org\/{rel}","templated":true}]}}