{"id":1105,"date":"2022-05-24T10:10:27","date_gmt":"2022-05-24T08:10:27","guid":{"rendered":"https:\/\/bestdream.hu\/termek\/pocket-spring\/"},"modified":"2022-07-06T14:44:29","modified_gmt":"2022-07-06T12:44:29","slug":"pocket-spring-federkernmatratze","status":"publish","type":"product","link":"https:\/\/bestdream.hu\/de\/termek\/pocket-spring-federkernmatratze\/","title":{"rendered":"Pocket Spring"},"content":{"rendered":"<p>Diese Federkernmatratze f\u00fcr den Winter- und Sommergebrauch geh\u00f6rt zu den halbharten, aber flexiblen Bettunterlagen, sie wellt sich nicht wie die alten Matratzen mit den Bonell-Springfedern. Dank der hervorragenden K\u00f6rperimitation ist sie in jeder Schlafposition bequem und sorgt f\u00fcr einen erholsamen Schlaf. Sie bietet optimale Unterst\u00fctzung f\u00fcr Ihren K\u00f6rper und verhindert die Bildung von Druckstellen. Dadurch bringt er Entspannung f\u00fcr Ihre Wirbels\u00e4ule und Muskulatur. 250 St\u00fcck Taschenfedern unterschiedlicher St\u00e4rke pro Quadratmeter unterteilen den Taschenteil in 7 Zonen, wodurch die Matratze an den K\u00f6rper eng anliegt und bringt den angenehmen Komfort. Auf den beiden Seiten gibt es ein 2,5\u20132,5 cm dicker Komfortschaum. Dank einer gro\u00dfen Anzahl an hochwertigen Taschenfedern, einer nicht verformbaren Schaumschicht und der hohen Belastbarkeit wird diese Matratze jahrelang dienen.<\/p>\n<p>&nbsp;<\/p>\n<p><img loading=\"lazy\" decoding=\"async\" class=\"alignnone wp-image-720\" src=\"https:\/\/bestdream.hu\/wp-content\/uploads\/2022\/05\/POCKET-SPRING-METSZET-1-300x208.png\" alt=\"\" width=\"400\" height=\"278\" srcset=\"https:\/\/bestdream.hu\/wp-content\/uploads\/2022\/05\/POCKET-SPRING-METSZET-1-300x208.png 300w, https:\/\/bestdream.hu\/wp-content\/uploads\/2022\/05\/POCKET-SPRING-METSZET-1-600x416.png 600w, https:\/\/bestdream.hu\/wp-content\/uploads\/2022\/05\/POCKET-SPRING-METSZET-1-1030x715.png 1030w, https:\/\/bestdream.hu\/wp-content\/uploads\/2022\/05\/POCKET-SPRING-METSZET-1-768x533.png 768w, https:\/\/bestdream.hu\/wp-content\/uploads\/2022\/05\/POCKET-SPRING-METSZET-1-1536x1066.png 1536w, https:\/\/bestdream.hu\/wp-content\/uploads\/2022\/05\/POCKET-SPRING-METSZET-1-2048x1421.png 2048w, https:\/\/bestdream.hu\/wp-content\/uploads\/2022\/05\/POCKET-SPRING-METSZET-1-1500x1041.png 1500w, https:\/\/bestdream.hu\/wp-content\/uploads\/2022\/05\/POCKET-SPRING-METSZET-1-705x489.png 705w\" sizes=\"auto, (max-width: 400px) 100vw, 400px\" \/><\/p>\n<p>&nbsp;<\/p>\n<ol>\n<li>TENCEL\u2013Bezug<\/li>\n<li>Watte<\/li>\n<li>antiallergische Ausf\u00fcllmaterial<\/li>\n<li>2 cm dicker Komfortschaum<\/li>\n<li>Filz<\/li>\n<li>250 St\u00fcck hochwertige Taschenfedern mit unterschiedlicher Dicke<\/li>\n<li>3D atmungsaktive, elastische Gewebe<\/li>\n<\/ol>\n<p>&nbsp;<\/p>\n<p><img loading=\"lazy\" decoding=\"async\" class=\"alignleft wp-image-153 size-square\" src=\"https:\/\/bestdream.hu\/wp-content\/uploads\/2022\/05\/tencel-180x180.jpeg\" alt=\"tencel huzat\" width=\"180\" height=\"180\" srcset=\"https:\/\/bestdream.hu\/wp-content\/uploads\/2022\/05\/tencel-180x180.jpeg 180w, https:\/\/bestdream.hu\/wp-content\/uploads\/2022\/05\/tencel-100x100.jpeg 100w, https:\/\/bestdream.hu\/wp-content\/uploads\/2022\/05\/tencel.jpeg 300w, https:\/\/bestdream.hu\/wp-content\/uploads\/2022\/05\/tencel-80x80.jpeg 80w, https:\/\/bestdream.hu\/wp-content\/uploads\/2022\/05\/tencel-36x36.jpeg 36w\" sizes=\"auto, (max-width: 180px) 100vw, 180px\" \/><\/p>\n<p><strong>TENCEL BEZUG<\/strong><\/p>\n<p><strong><br \/>\n<\/strong>Der Matratzenbezug Tencel ist aus einem Material hergestellt, das der speziellen Fadentechnologie des Lyocell-Materials Tencel entspricht, dank dem der Bezug eine nat\u00fcrliche Zellulose enth\u00e4lt. Es hat eine hohe Absorptions- und schnelle Verdunstungsf\u00e4higkeit und bietet deshalb eine trockene, gesunde und antiallergische Umgebung zum Schlafen.<\/p>\n<p>&nbsp;<\/p>\n<p>&nbsp;<\/p>\n<p>&nbsp;<\/p>\n<p>&nbsp;<\/p>\n<p>&nbsp;<\/p>\n<p>&nbsp;<\/p>\n","protected":false},"excerpt":{"rendered":"<ul>\n<li>H\u00f6he: 20 cm<\/li>\n<li>Belastbarkeit: max. 140 kg<\/li>\n<li>Garantie: 10 Jahre<\/li>\n<li>Vakuumverpackt (f\u00fcr leichteren Transport)<\/li>\n<\/ul>\n<p>&nbsp;<\/p>\n","protected":false},"featured_media":405,"comment_status":"closed","ping_status":"closed","template":"","meta":{"inline_featured_image":false},"product_brand":[],"product_cat":[62,50],"product_tag":[],"class_list":{"0":"post-1105","1":"product","2":"type-product","3":"status-publish","4":"has-post-thumbnail","6":"product_cat-federkernmatratzen","7":"product_cat-matratzen","9":"first","10":"instock","11":"shipping-taxable","12":"product-type-simple"},"_links":{"self":[{"href":"https:\/\/bestdream.hu\/de\/wp-json\/wp\/v2\/product\/1105","targetHints":{"allow":["GET"]}}],"collection":[{"href":"https:\/\/bestdream.hu\/de\/wp-json\/wp\/v2\/product"}],"about":[{"href":"https:\/\/bestdream.hu\/de\/wp-json\/wp\/v2\/types\/product"}],"replies":[{"embeddable":true,"href":"https:\/\/bestdream.hu\/de\/wp-json\/wp\/v2\/comments?post=1105"}],"wp:featuredmedia":[{"embeddable":true,"href":"https:\/\/bestdream.hu\/de\/wp-json\/wp\/v2\/media\/405"}],"wp:attachment":[{"href":"https:\/\/bestdream.hu\/de\/wp-json\/wp\/v2\/media?parent=1105"}],"wp:term":[{"taxonomy":"product_brand","embeddable":true,"href":"https:\/\/bestdream.hu\/de\/wp-json\/wp\/v2\/product_brand?post=1105"},{"taxonomy":"product_cat","embeddable":true,"href":"https:\/\/bestdream.hu\/de\/wp-json\/wp\/v2\/product_cat?post=1105"},{"taxonomy":"product_tag","embeddable":true,"href":"https:\/\/bestdream.hu\/de\/wp-json\/wp\/v2\/product_tag?post=1105"}],"curies":[{"name":"wp","href":"https:\/\/api.w.org\/{rel}","templated":true}]}}