{"id":1108,"date":"2022-05-24T10:03:07","date_gmt":"2022-05-24T08:03:07","guid":{"rendered":"https:\/\/bestdream.hu\/termek\/memory-bamboo-duet\/"},"modified":"2022-07-18T15:20:07","modified_gmt":"2022-07-18T13:20:07","slug":"memory-bamboo-duet","status":"publish","type":"product","link":"https:\/\/bestdream.hu\/de\/termek\/memory-bamboo-duet\/","title":{"rendered":"Memory Duet"},"content":{"rendered":"<p>Eine luxuri\u00f6se Matratze, die sich an Ihren K\u00f6rper perfekt anpasst. Dank ihren Eigenschaften und bei der Herstellung verwendeten Materialien erf\u00fcllt sie die Anforderungen der anspruchsvollsten Kunden. Dank dem 5 cm dicken Memory Foam, dem sog. Memory-Schaum, garantiert sie den ruhigen und erholsamen Schlaf. Sie unterst\u00fctzt perfekt die Wirbels\u00e4ule, entspannt die Muskeln und verbessert den Blutkreislauf. Der Matratzenbezug ist abnehmbar, aus einem atmungsaktiven 3D-Gewebe hergestellt, das die Feuchtigkeitsansammlungen verhindert, die Matratze trocken h\u00e4lt und eine gute W\u00e4rmeregulierung des K\u00f6rpers gew\u00e4hrleistet.<\/p>\n<p><img loading=\"lazy\" decoding=\"async\" class=\"alignnone wp-image-144\" src=\"https:\/\/bestdream.hu\/wp-content\/uploads\/2022\/05\/MEMORY-DUET-METSZET.png\" alt=\"memory duet\" width=\"400\" height=\"277\" srcset=\"https:\/\/bestdream.hu\/wp-content\/uploads\/2022\/05\/MEMORY-DUET-METSZET.png 1024w, https:\/\/bestdream.hu\/wp-content\/uploads\/2022\/05\/MEMORY-DUET-METSZET-300x208.png 300w, https:\/\/bestdream.hu\/wp-content\/uploads\/2022\/05\/MEMORY-DUET-METSZET-600x416.png 600w, https:\/\/bestdream.hu\/wp-content\/uploads\/2022\/05\/MEMORY-DUET-METSZET-768x533.png 768w, https:\/\/bestdream.hu\/wp-content\/uploads\/2022\/05\/MEMORY-DUET-METSZET-705x489.png 705w\" sizes=\"auto, (max-width: 400px) 100vw, 400px\" \/><\/p>\n<ol>\n<li>BAYSCENT\u00ae abnehmbarer Bezug<\/li>\n<li>2 cm Memory-Schaum 50 kg\/m<sup>3<\/sup>, zum Au\u00dfenbezug zugen\u00e4ht<\/li>\n<li>Atmungsaktive elastische Schicht<\/li>\n<li>3 cm Memory-Schaum mit einer Dichte von 50 kg\/m\u00b3<\/li>\n<li>14 cm orthop\u00e4discher PU-Kern mit dem Kaltschaum Dichte 30 kg\/m<sup>3<\/sup>, Druck 5.0 kPa<\/li>\n<li>3D atmungsaktives Material<\/li>\n<\/ol>\n<p>&nbsp;<\/p>\n<p><img loading=\"lazy\" decoding=\"async\" class=\"alignleft wp-image-132 size-square\" src=\"https:\/\/bestdream.hu\/wp-content\/uploads\/2022\/05\/bayscent-180x180.jpeg\" alt=\"bayscent\" width=\"180\" height=\"180\" srcset=\"https:\/\/bestdream.hu\/wp-content\/uploads\/2022\/05\/bayscent-180x180.jpeg 180w, https:\/\/bestdream.hu\/wp-content\/uploads\/2022\/05\/bayscent-100x100.jpeg 100w, https:\/\/bestdream.hu\/wp-content\/uploads\/2022\/05\/bayscent.jpeg 300w, https:\/\/bestdream.hu\/wp-content\/uploads\/2022\/05\/bayscent-80x80.jpeg 80w, https:\/\/bestdream.hu\/wp-content\/uploads\/2022\/05\/bayscent-36x36.jpeg 36w\" sizes=\"auto, (max-width: 180px) 100vw, 180px\" \/><\/p>\n<p><strong>BAYSCENT<sup>\u00ae<\/sup> Bezug<\/strong><\/p>\n<p>Die Fasern im Matratzenbezug enthalten Mikrokapseln, die den unangenehmen Geruch verhindern und die Matratze frisch und hygienisch halten. Neutralisierende Eigenschaften des neuen Bayscent-Gewebes greifen den unangenehmen Geruch an, der unter extremen Bedingungen tief ins Gewebe des Bezugs eindringen kann. Die Bewegung des K\u00f6rpers vor dem Einschlafen garantiert die Freisetzung der seltenen Extrakte, die sich in den Mikrokapseln befinden, die letztendlich den unangenehmen Geruch, der durch \u00fcberm\u00e4\u00dfiges Schwitzen w\u00e4hrend des Schlafes verursacht wird, lindern.<\/p>\n<p>&nbsp;<\/p>\n<p><strong><img loading=\"lazy\" decoding=\"async\" class=\"size-full wp-image-137 alignright\" src=\"https:\/\/bestdream.hu\/wp-content\/uploads\/2022\/05\/memory_kez_korben.png\" alt=\"memory hab\" width=\"234\" height=\"234\" srcset=\"https:\/\/bestdream.hu\/wp-content\/uploads\/2022\/05\/memory_kez_korben.png 234w, https:\/\/bestdream.hu\/wp-content\/uploads\/2022\/05\/memory_kez_korben-100x100.png 100w, https:\/\/bestdream.hu\/wp-content\/uploads\/2022\/05\/memory_kez_korben-80x80.png 80w, https:\/\/bestdream.hu\/wp-content\/uploads\/2022\/05\/memory_kez_korben-36x36.png 36w, https:\/\/bestdream.hu\/wp-content\/uploads\/2022\/05\/memory_kez_korben-180x180.png 180w\" sizes=\"auto, (max-width: 234px) 100vw, 234px\" \/><\/strong><\/p>\n<p>&nbsp;<\/p>\n<p><strong>Memory Schaum<\/strong><\/p>\n<p>Spezialschaum, dessen H\u00e4rte je nach K\u00f6rpertemperatur variiert, erweicht bei Kontakt mit dem menschlichen K\u00f6rper. Es nimmt mit Verz\u00f6gerung wieder seine urspr\u00fcngliche Form an. Dank seiner Eigenschaft tr\u00e4gt es dazu bei, das K\u00f6rpergewicht gleichm\u00e4\u00dfig auf seiner Oberfl\u00e4che zu verteilen &#8211; unterst\u00fctzt unseren K\u00f6rper optimal &#8211; dies wirkt sich positiv auf die Durchblutung aus, dadurch drehen wir uns weniger um und schlafen ruhiger.<\/p>\n","protected":false},"excerpt":{"rendered":"<ul>\n<li>H\u00f6he: 20 cm<\/li>\n<li>Belastbarkeit: 120 kg<\/li>\n<li>Garantie: 10 Jahre<\/li>\n<li>Vakuumverpackt (f\u00fcr leichteren Transport)<\/li>\n<\/ul>\n<p>&nbsp;<\/p>\n","protected":false},"featured_media":397,"comment_status":"closed","ping_status":"closed","template":"","meta":{"inline_featured_image":false},"product_brand":[],"product_cat":[50,61],"product_tag":[],"class_list":{"0":"post-1108","1":"product","2":"type-product","3":"status-publish","4":"has-post-thumbnail","6":"product_cat-matratzen","7":"product_cat-memory-matratzen","9":"first","10":"instock","11":"shipping-taxable","12":"product-type-simple"},"_links":{"self":[{"href":"https:\/\/bestdream.hu\/de\/wp-json\/wp\/v2\/product\/1108","targetHints":{"allow":["GET"]}}],"collection":[{"href":"https:\/\/bestdream.hu\/de\/wp-json\/wp\/v2\/product"}],"about":[{"href":"https:\/\/bestdream.hu\/de\/wp-json\/wp\/v2\/types\/product"}],"replies":[{"embeddable":true,"href":"https:\/\/bestdream.hu\/de\/wp-json\/wp\/v2\/comments?post=1108"}],"wp:featuredmedia":[{"embeddable":true,"href":"https:\/\/bestdream.hu\/de\/wp-json\/wp\/v2\/media\/397"}],"wp:attachment":[{"href":"https:\/\/bestdream.hu\/de\/wp-json\/wp\/v2\/media?parent=1108"}],"wp:term":[{"taxonomy":"product_brand","embeddable":true,"href":"https:\/\/bestdream.hu\/de\/wp-json\/wp\/v2\/product_brand?post=1108"},{"taxonomy":"product_cat","embeddable":true,"href":"https:\/\/bestdream.hu\/de\/wp-json\/wp\/v2\/product_cat?post=1108"},{"taxonomy":"product_tag","embeddable":true,"href":"https:\/\/bestdream.hu\/de\/wp-json\/wp\/v2\/product_tag?post=1108"}],"curies":[{"name":"wp","href":"https:\/\/api.w.org\/{rel}","templated":true}]}}