{"id":1109,"date":"2022-05-24T09:58:23","date_gmt":"2022-05-24T07:58:23","guid":{"rendered":"https:\/\/bestdream.hu\/termek\/memory-bamboo\/"},"modified":"2022-07-18T15:29:32","modified_gmt":"2022-07-18T13:29:32","slug":"memory-bamboo","status":"publish","type":"product","link":"https:\/\/bestdream.hu\/de\/termek\/memory-bamboo\/","title":{"rendered":"Memory Bamboo"},"content":{"rendered":"<p>Es ist eine ausgezeichnete Matratze mit der Oberfl\u00e4chenschicht Memory Foram, dem sog. Memory-Schaum. Die Bamboo-Matratze ist komfortabel, weil sie den ganzen K\u00f6rper gleichm\u00e4\u00dfig st\u00fctzt und sich dank der einzigartigen Eigenschaften des orthop\u00e4dischen Memory-Schaums perfekt an den K\u00f6rper anpasst. Sie sorgt f\u00fcr nat\u00fcrlichen und gesunden Schlaf, verhindert Schmerzen im Nacken, R\u00fccken und Schaft.<\/p>\n<p>&nbsp;<\/p>\n<p><img loading=\"lazy\" decoding=\"async\" class=\"alignnone wp-image-140\" src=\"https:\/\/bestdream.hu\/wp-content\/uploads\/2022\/05\/MEMORY-BAMBOO-METSZET.png\" alt=\"memory bamboo matrac\" width=\"400\" height=\"277\" srcset=\"https:\/\/bestdream.hu\/wp-content\/uploads\/2022\/05\/MEMORY-BAMBOO-METSZET.png 1024w, https:\/\/bestdream.hu\/wp-content\/uploads\/2022\/05\/MEMORY-BAMBOO-METSZET-300x208.png 300w, https:\/\/bestdream.hu\/wp-content\/uploads\/2022\/05\/MEMORY-BAMBOO-METSZET-600x416.png 600w, https:\/\/bestdream.hu\/wp-content\/uploads\/2022\/05\/MEMORY-BAMBOO-METSZET-768x533.png 768w, https:\/\/bestdream.hu\/wp-content\/uploads\/2022\/05\/MEMORY-BAMBOO-METSZET-705x489.png 705w\" sizes=\"auto, (max-width: 400px) 100vw, 400px\" \/><\/p>\n<p>&nbsp;<\/p>\n<ol>\n<li>Der Bamboo-Bezug ist abnehmbar, bei 60 \u00b0C waschbar<\/li>\n<li>antiallergischer Ausf\u00fcllmaterial<\/li>\n<li>Jersey<\/li>\n<li>atmungsaktive elastische Schicht<\/li>\n<li>4 cm Memory mit einer Dichte von 50 kg\/m<sup>3<\/sup><\/li>\n<li>14 cm PU-Kern, mit dem Faulschaum Dichte 30 kg\/m<sup>3<\/sup>, Druck 5.0 kPa<\/li>\n<li>3D\u00a0Atmungsaktive elastische\u00a0Gewebe<\/li>\n<\/ol>\n<p>&nbsp;<\/p>\n<p><img loading=\"lazy\" decoding=\"async\" class=\"alignleft wp-image-141 size-square\" src=\"https:\/\/bestdream.hu\/wp-content\/uploads\/2022\/05\/bamboo-180x180.jpeg\" alt=\"bamboo huzat\" width=\"180\" height=\"180\" srcset=\"https:\/\/bestdream.hu\/wp-content\/uploads\/2022\/05\/bamboo-180x180.jpeg 180w, https:\/\/bestdream.hu\/wp-content\/uploads\/2022\/05\/bamboo-100x100.jpeg 100w, https:\/\/bestdream.hu\/wp-content\/uploads\/2022\/05\/bamboo.jpeg 300w, https:\/\/bestdream.hu\/wp-content\/uploads\/2022\/05\/bamboo-80x80.jpeg 80w, https:\/\/bestdream.hu\/wp-content\/uploads\/2022\/05\/bamboo-36x36.jpeg 36w\" sizes=\"auto, (max-width: 180px) 100vw, 180px\" \/><\/p>\n<p><strong>BAMBOO Bezug<\/strong><\/p>\n<p>Der Matratzenbezug besteht aus einem Baumwollgewebe mit Bambusfasern, die ihm Schutz vor Schimmel, Pilzen und Mikroorganismen bieten. Er reguliert die Temperatur des K\u00f6rpers, im Sommer k\u00fchlt er und im Winter w\u00e4rmt er angenehm, denn er leitet die Feuchte perfekt ab und die Matratze bleibt vollkommen trocken.<\/p>\n<p>&nbsp;<\/p>\n<p>&nbsp;<\/p>\n<p>&nbsp;<\/p>\n<p><strong><img loading=\"lazy\" decoding=\"async\" class=\"size-full wp-image-137 alignright\" src=\"https:\/\/bestdream.hu\/wp-content\/uploads\/2022\/05\/memory_kez_korben.png\" alt=\"memory hab\" width=\"234\" height=\"234\" srcset=\"https:\/\/bestdream.hu\/wp-content\/uploads\/2022\/05\/memory_kez_korben.png 234w, https:\/\/bestdream.hu\/wp-content\/uploads\/2022\/05\/memory_kez_korben-100x100.png 100w, https:\/\/bestdream.hu\/wp-content\/uploads\/2022\/05\/memory_kez_korben-80x80.png 80w, https:\/\/bestdream.hu\/wp-content\/uploads\/2022\/05\/memory_kez_korben-36x36.png 36w, https:\/\/bestdream.hu\/wp-content\/uploads\/2022\/05\/memory_kez_korben-180x180.png 180w\" sizes=\"auto, (max-width: 234px) 100vw, 234px\" \/>Memory Schaum<\/strong><\/p>\n<p>Spezialschaum, dessen H\u00e4rte je nach K\u00f6rpertemperatur variiert, erweicht bei Kontakt mit dem menschlichen K\u00f6rper. Es nimmt mit Verz\u00f6gerung wieder seine urspr\u00fcngliche Form an. Dank seiner Eigenschaft tr\u00e4gt es dazu bei, das K\u00f6rpergewicht gleichm\u00e4\u00dfig auf seiner Oberfl\u00e4che zu verteilen &#8211; unterst\u00fctzt unseren K\u00f6rper optimal &#8211; dies wirkt sich positiv auf die Durchblutung aus, dadurch drehen wir uns weniger um und schlafen ruhiger.<\/p>\n","protected":false},"excerpt":{"rendered":"<ul>\n<li>H\u00f6he: 20 cm<\/li>\n<li>Belastbarkeit: 120 kg<\/li>\n<li>Garantie: 10 Jahre<\/li>\n<li>Vakuumverpackt (f\u00fcr leichteren Transport)<\/li>\n<\/ul>\n<p>&nbsp;<\/p>\n","protected":false},"featured_media":393,"comment_status":"closed","ping_status":"closed","template":"","meta":{"inline_featured_image":false},"product_brand":[],"product_cat":[50,61],"product_tag":[],"class_list":{"0":"post-1109","1":"product","2":"type-product","3":"status-publish","4":"has-post-thumbnail","6":"product_cat-matratzen","7":"product_cat-memory-matratzen","9":"first","10":"instock","11":"shipping-taxable","12":"product-type-simple"},"_links":{"self":[{"href":"https:\/\/bestdream.hu\/de\/wp-json\/wp\/v2\/product\/1109","targetHints":{"allow":["GET"]}}],"collection":[{"href":"https:\/\/bestdream.hu\/de\/wp-json\/wp\/v2\/product"}],"about":[{"href":"https:\/\/bestdream.hu\/de\/wp-json\/wp\/v2\/types\/product"}],"replies":[{"embeddable":true,"href":"https:\/\/bestdream.hu\/de\/wp-json\/wp\/v2\/comments?post=1109"}],"wp:featuredmedia":[{"embeddable":true,"href":"https:\/\/bestdream.hu\/de\/wp-json\/wp\/v2\/media\/393"}],"wp:attachment":[{"href":"https:\/\/bestdream.hu\/de\/wp-json\/wp\/v2\/media?parent=1109"}],"wp:term":[{"taxonomy":"product_brand","embeddable":true,"href":"https:\/\/bestdream.hu\/de\/wp-json\/wp\/v2\/product_brand?post=1109"},{"taxonomy":"product_cat","embeddable":true,"href":"https:\/\/bestdream.hu\/de\/wp-json\/wp\/v2\/product_cat?post=1109"},{"taxonomy":"product_tag","embeddable":true,"href":"https:\/\/bestdream.hu\/de\/wp-json\/wp\/v2\/product_tag?post=1109"}],"curies":[{"name":"wp","href":"https:\/\/api.w.org\/{rel}","templated":true}]}}