{"id":1111,"date":"2022-05-24T09:43:02","date_gmt":"2022-05-24T07:43:02","guid":{"rendered":"https:\/\/bestdream.hu\/termek\/ps-7-zone-memory\/"},"modified":"2022-07-08T11:07:02","modified_gmt":"2022-07-08T09:07:02","slug":"ps-7-zone-memory","status":"publish","type":"product","link":"https:\/\/bestdream.hu\/de\/termek\/ps-7-zone-memory\/","title":{"rendered":"PS  7 Zone Memory"},"content":{"rendered":"<p>PS 7 ZONE Memory ist eine solche Premium-Memory-Federkernmatratze, die sich dank den 7 Zonen der K\u00f6rperform anpasst. Sie wird vor allem f\u00fcr Personen empfohlen, die eine weichere, bequemere, mehr komfortable Position m\u00f6gen. Diese au\u00dferordentlich komfortable 26cm hohe Memory-Federmatratze mit 10-j\u00e4hriger Garantie ist die beste Wahl f\u00fcr diejenigen, die eine halbharte Matratze m\u00f6gen.<\/p>\n<p><img loading=\"lazy\" decoding=\"async\" class=\"alignnone wp-image-131\" src=\"https:\/\/bestdream.hu\/wp-content\/uploads\/2022\/05\/PS-7-ZONE-MEMORY-METSZET.png\" alt=\"PS 7 Zone Memory\" width=\"400\" height=\"267\" srcset=\"https:\/\/bestdream.hu\/wp-content\/uploads\/2022\/05\/PS-7-ZONE-MEMORY-METSZET.png 550w, https:\/\/bestdream.hu\/wp-content\/uploads\/2022\/05\/PS-7-ZONE-MEMORY-METSZET-300x200.png 300w\" sizes=\"auto, (max-width: 400px) 100vw, 400px\" \/><\/p>\n<ol>\n<li>BAYSCENT\u00ae Bezug (siehe Seite 27 )<\/li>\n<li>2cm (Dichte 50 kg\/m\u00b3) Memory zum Bezug gesteppt<\/li>\n<li>atmungsaktive Schicht<\/li>\n<li>3cm (Dichte 50 kg\/m\u00b3) Memory<\/li>\n<li>4cm kalter Schaum (Dichte N 35 kg\/m\u00b3, Druck 4,3 kPa)<\/li>\n<li>7-Zonen-Taschenfedern aus hochwertigem Stahl in verschiedenen St\u00e4rken, 255 St\u00fcck\/m\u00b2 (1,8 &#8211; 2,0 mm) Filz 14 cm hoch<\/li>\n<li>Filz<\/li>\n<li>atmungsaktives 3D-L\u00fcftungsgewebe<\/li>\n<\/ol>\n<p>&nbsp;<\/p>\n<p><img loading=\"lazy\" decoding=\"async\" class=\"alignleft wp-image-132 size-square\" src=\"https:\/\/bestdream.hu\/wp-content\/uploads\/2022\/05\/bayscent-180x180.jpeg\" alt=\"bayscent\" width=\"180\" height=\"180\" srcset=\"https:\/\/bestdream.hu\/wp-content\/uploads\/2022\/05\/bayscent-180x180.jpeg 180w, https:\/\/bestdream.hu\/wp-content\/uploads\/2022\/05\/bayscent-100x100.jpeg 100w, https:\/\/bestdream.hu\/wp-content\/uploads\/2022\/05\/bayscent.jpeg 300w, https:\/\/bestdream.hu\/wp-content\/uploads\/2022\/05\/bayscent-80x80.jpeg 80w, https:\/\/bestdream.hu\/wp-content\/uploads\/2022\/05\/bayscent-36x36.jpeg 36w\" sizes=\"auto, (max-width: 180px) 100vw, 180px\" \/><\/p>\n<p><b><strong>BAYSCENT\u00ae Bezug<\/strong><br \/>\n<\/b>Die Fasern im Matratzenbezug enthalten Mikrokapseln, die den unangenehmen Geruch verhindern und die Matratze frisch und hygienisch halten. Neutralisierende Eigenschaften des neuen Bayscent-Gewebes greifen den unangenehmen Geruch an, der unter extremen Bedingungen tief ins Gewebe des Bezugs eindringen kann. Die Bewegung des K\u00f6rpers vor dem Einschlafen garantiert die Freisetzung der seltenen Extrakte, die sich in den Mikrokapseln befinden, die letztendlich den unangenehmen Geruch, der durch \u00fcberm\u00e4\u00dfiges Schwitzen w\u00e4hrend des Schlafes verursacht wird, lindern.<\/p>\n","protected":false},"excerpt":{"rendered":"<ul>\n<li>H\u00f6he: 26 cm<\/li>\n<li>Belastbarkeit: 140 kg<\/li>\n<li>Garantie: 10 Jahre<\/li>\n<li>Kann nur offen geliefert werden (eingewickelt in Nylon)<\/li>\n<\/ul>\n","protected":false},"featured_media":3843,"comment_status":"closed","ping_status":"closed","template":"","meta":{"inline_featured_image":false},"product_brand":[],"product_cat":[62,50,61,63],"product_tag":[],"class_list":{"0":"post-1111","1":"product","2":"type-product","3":"status-publish","4":"has-post-thumbnail","6":"product_cat-federkernmatratzen","7":"product_cat-matratzen","8":"product_cat-memory-matratzen","9":"product_cat-premium-matratzen","11":"first","12":"instock","13":"shipping-taxable","14":"product-type-simple"},"_links":{"self":[{"href":"https:\/\/bestdream.hu\/de\/wp-json\/wp\/v2\/product\/1111","targetHints":{"allow":["GET"]}}],"collection":[{"href":"https:\/\/bestdream.hu\/de\/wp-json\/wp\/v2\/product"}],"about":[{"href":"https:\/\/bestdream.hu\/de\/wp-json\/wp\/v2\/types\/product"}],"replies":[{"embeddable":true,"href":"https:\/\/bestdream.hu\/de\/wp-json\/wp\/v2\/comments?post=1111"}],"wp:featuredmedia":[{"embeddable":true,"href":"https:\/\/bestdream.hu\/de\/wp-json\/wp\/v2\/media\/3843"}],"wp:attachment":[{"href":"https:\/\/bestdream.hu\/de\/wp-json\/wp\/v2\/media?parent=1111"}],"wp:term":[{"taxonomy":"product_brand","embeddable":true,"href":"https:\/\/bestdream.hu\/de\/wp-json\/wp\/v2\/product_brand?post=1111"},{"taxonomy":"product_cat","embeddable":true,"href":"https:\/\/bestdream.hu\/de\/wp-json\/wp\/v2\/product_cat?post=1111"},{"taxonomy":"product_tag","embeddable":true,"href":"https:\/\/bestdream.hu\/de\/wp-json\/wp\/v2\/product_tag?post=1111"}],"curies":[{"name":"wp","href":"https:\/\/api.w.org\/{rel}","templated":true}]}}