{"id":1113,"date":"2022-05-24T09:26:47","date_gmt":"2022-05-24T07:26:47","guid":{"rendered":"https:\/\/bestdream.hu\/termek\/wools\/"},"modified":"2022-07-08T11:55:39","modified_gmt":"2022-07-08T09:55:39","slug":"wools","status":"publish","type":"product","link":"https:\/\/bestdream.hu\/de\/termek\/wools\/","title":{"rendered":"Wool\u2019s"},"content":{"rendered":"<p>Diese Matratze mit ihrer Elastizit\u00e4t garantiert ausreichende Unterst\u00fctzung und Position des K\u00f6rpers, ist jedoch nicht zu hart und dank ihrer optimalen Steifigkeit kann sie die Muskeln entspannen und die Blutzirkulation f\u00f6rdern. Eine Seite der Matratze besteht aus nat\u00fcrlicher Schafwolle MERINO, die viele gesundheitliche und heilende Wirkungen hat. Perfekt beh\u00e4lt sie sich ihre Form, sorgt dadurch f\u00fcr ideale Entspannungsposition des K\u00f6rpers und bietet maximalen Komfort.<\/p>\n<p><img loading=\"lazy\" decoding=\"async\" class=\"alignnone wp-image-122\" src=\"https:\/\/bestdream.hu\/wp-content\/uploads\/2022\/05\/WOOLS-METSZET.png\" alt=\"wools hideghab matrac\" width=\"400\" height=\"277\" srcset=\"https:\/\/bestdream.hu\/wp-content\/uploads\/2022\/05\/WOOLS-METSZET.png 1024w, https:\/\/bestdream.hu\/wp-content\/uploads\/2022\/05\/WOOLS-METSZET-300x208.png 300w, https:\/\/bestdream.hu\/wp-content\/uploads\/2022\/05\/WOOLS-METSZET-600x416.png 600w, https:\/\/bestdream.hu\/wp-content\/uploads\/2022\/05\/WOOLS-METSZET-768x533.png 768w, https:\/\/bestdream.hu\/wp-content\/uploads\/2022\/05\/WOOLS-METSZET-705x489.png 705w\" sizes=\"auto, (max-width: 400px) 100vw, 400px\" \/><\/p>\n<ol>\n<li>100% SCHAFWOLLE Bezug\u00a0 -Winterseite<\/li>\n<li>antiallergische Ladung<\/li>\n<li>atmungsaktive elastische Schicht<\/li>\n<li>Dichte von 18 cm PU-Kern 30 kg\/m<sup>3<\/sup>, 3.8 kPa Druck<\/li>\n<li>SOFT CARE BEZUG \u2013 Sommerseite<\/li>\n<li>3D atmungsaktive elastische Gewebe<\/li>\n<\/ol>\n<p>&nbsp;<\/p>\n<p><img loading=\"lazy\" decoding=\"async\" class=\"alignleft wp-image-123 size-square\" src=\"https:\/\/bestdream.hu\/wp-content\/uploads\/2022\/05\/soft_and_care-180x180.jpeg\" alt=\"soft and care\" width=\"180\" height=\"180\" srcset=\"https:\/\/bestdream.hu\/wp-content\/uploads\/2022\/05\/soft_and_care-180x180.jpeg 180w, https:\/\/bestdream.hu\/wp-content\/uploads\/2022\/05\/soft_and_care-100x100.jpeg 100w, https:\/\/bestdream.hu\/wp-content\/uploads\/2022\/05\/soft_and_care.jpeg 300w, https:\/\/bestdream.hu\/wp-content\/uploads\/2022\/05\/soft_and_care-80x80.jpeg 80w, https:\/\/bestdream.hu\/wp-content\/uploads\/2022\/05\/soft_and_care-36x36.jpeg 36w\" sizes=\"auto, (max-width: 180px) 100vw, 180px\" \/><\/p>\n<p><strong>SOFT CARE Bezug<\/strong><\/p>\n<p>Er ist seidenfein. Das Gewebe besteht aus speziellen viskosen Fasern, sie sind biologisch vollst\u00e4ndig abbaubar. Seine elektrostatische Ladung ist minimal. Soft Care verleiht dem Bezug eine au\u00dfergew\u00f6hnliche Weichheit und Feinheit, ist angenehm bei der Ber\u00fchrung und sorgt f\u00fcr Komfort w\u00e4hrend des Schlafs.<\/p>\n","protected":false},"excerpt":{"rendered":"<ul>\n<li>H\u00f6he: 20 cm<\/li>\n<li>Belastbarkeit: 120 kg<\/li>\n<li>Garantie: 10 Jahre<\/li>\n<li>Vakuumverpackt (f\u00fcr leichteren Transport)<\/li>\n<\/ul>\n<p>&nbsp;<\/p>\n","protected":false},"featured_media":367,"comment_status":"closed","ping_status":"closed","template":"","meta":{"inline_featured_image":false},"product_brand":[],"product_cat":[47,50],"product_tag":[],"class_list":{"0":"post-1113","1":"product","2":"type-product","3":"status-publish","4":"has-post-thumbnail","6":"product_cat-kaltschaummatratzen","7":"product_cat-matratzen","9":"first","10":"instock","11":"shipping-taxable","12":"product-type-simple"},"_links":{"self":[{"href":"https:\/\/bestdream.hu\/de\/wp-json\/wp\/v2\/product\/1113","targetHints":{"allow":["GET"]}}],"collection":[{"href":"https:\/\/bestdream.hu\/de\/wp-json\/wp\/v2\/product"}],"about":[{"href":"https:\/\/bestdream.hu\/de\/wp-json\/wp\/v2\/types\/product"}],"replies":[{"embeddable":true,"href":"https:\/\/bestdream.hu\/de\/wp-json\/wp\/v2\/comments?post=1113"}],"wp:featuredmedia":[{"embeddable":true,"href":"https:\/\/bestdream.hu\/de\/wp-json\/wp\/v2\/media\/367"}],"wp:attachment":[{"href":"https:\/\/bestdream.hu\/de\/wp-json\/wp\/v2\/media?parent=1113"}],"wp:term":[{"taxonomy":"product_brand","embeddable":true,"href":"https:\/\/bestdream.hu\/de\/wp-json\/wp\/v2\/product_brand?post=1113"},{"taxonomy":"product_cat","embeddable":true,"href":"https:\/\/bestdream.hu\/de\/wp-json\/wp\/v2\/product_cat?post=1113"},{"taxonomy":"product_tag","embeddable":true,"href":"https:\/\/bestdream.hu\/de\/wp-json\/wp\/v2\/product_tag?post=1113"}],"curies":[{"name":"wp","href":"https:\/\/api.w.org\/{rel}","templated":true}]}}