{"id":1115,"date":"2022-05-24T09:14:37","date_gmt":"2022-05-24T07:14:37","guid":{"rendered":"https:\/\/bestdream.hu\/termek\/latex-coco\/"},"modified":"2022-07-08T13:06:29","modified_gmt":"2022-07-08T11:06:29","slug":"latex-coco","status":"publish","type":"product","link":"https:\/\/bestdream.hu\/de\/termek\/latex-coco\/","title":{"rendered":"Latex Coco"},"content":{"rendered":"<p>LATEX \u2013 COCO geh\u00f6rt unter den Best Dream Matratzen zu den extra harten Matratzen, im Bereich des Beckens sorgt sie f\u00fcr eine extra harte Unterst\u00fctzung. Es ist eine aus f\u00fcnf Schichten bestehende sandwichartige Matratze. In der Mitte befindet sich ein Halteschaum, 8 cm hoch und 35 kg\/m\u00b3 dicht, mit einer Kokos-Latex-Schicht auf der einen Seite und mit einer extra flexiblen HR-Kokosschaumschicht auf der anderen Seite, die f\u00fcr ein ausgesprochen hartes, aber flexibles Komfortgef\u00fchl sorgen. Was das Naturmaterial anbetrifft, ist die Matratze aus einem SOYA-Gewebe hergestellt, das 100% antiallergische Eigenschaften hat, fein, weich bei der Ber\u00fchrung ist, eine hervorragende F\u00e4higkeit hat, Feuchte aufzunehmen, das maximale W\u00e4rmeempfinden in allen Jahreszeiten bietet. Sie ist die beste Wahl f\u00fcr alle, die extra harte Matratzen m\u00f6gen!<\/p>\n<p><img loading=\"lazy\" decoding=\"async\" class=\"alignnone wp-image-110\" src=\"https:\/\/bestdream.hu\/wp-content\/uploads\/2022\/05\/LATEX-COCO-METSZET.png\" alt=\"latex coco\" width=\"400\" height=\"267\" srcset=\"https:\/\/bestdream.hu\/wp-content\/uploads\/2022\/05\/LATEX-COCO-METSZET.png 550w, https:\/\/bestdream.hu\/wp-content\/uploads\/2022\/05\/LATEX-COCO-METSZET-300x200.png 300w\" sizes=\"auto, (max-width: 400px) 100vw, 400px\" \/><\/p>\n<ol>\n<li>Abnehmbarer SOYA Bezug<\/li>\n<li>antiallergische F\u00fcllung<\/li>\n<li>atmungsaktive Schicht<\/li>\n<li>eine Gewebeschicht, die den Matratzenkern sch\u00fctzt<\/li>\n<li>4cm komfortable LATEX Schicht (Dichte 65 kg\/m\u00b3)<\/li>\n<li>2cm Kokosschicht<\/li>\n<li>8cm kalter Schaum (Dichte N 35 kg\/m\u00b3, Druck 4.3 kPa)<\/li>\n<li>2cm Kokosschicht<\/li>\n<li>4cm komfortable Schicht (Dichte HR 30 kg\/m\u00b3, Druck 2.8 kPa)<\/li>\n<li>atmungsaktives 3D-L\u00fcftungsgewebe<\/li>\n<\/ol>\n<p>&nbsp;<\/p>\n<p><img loading=\"lazy\" decoding=\"async\" class=\"alignleft wp-image-111 size-square\" src=\"https:\/\/bestdream.hu\/wp-content\/uploads\/2022\/05\/soya_latex_coco-180x180.jpeg\" alt=\"soya latex coco\" width=\"180\" height=\"180\" srcset=\"https:\/\/bestdream.hu\/wp-content\/uploads\/2022\/05\/soya_latex_coco-180x180.jpeg 180w, https:\/\/bestdream.hu\/wp-content\/uploads\/2022\/05\/soya_latex_coco-100x100.jpeg 100w, https:\/\/bestdream.hu\/wp-content\/uploads\/2022\/05\/soya_latex_coco.jpeg 300w, https:\/\/bestdream.hu\/wp-content\/uploads\/2022\/05\/soya_latex_coco-80x80.jpeg 80w, https:\/\/bestdream.hu\/wp-content\/uploads\/2022\/05\/soya_latex_coco-36x36.jpeg 36w\" sizes=\"auto, (max-width: 180px) 100vw, 180px\" \/><strong>SOYA Bezug<\/strong><\/p>\n<p>Ein aus extrudierten Sojafasern hergestelltes Gewebe, es ist glatt und fein, mit Seidenglanz. Soja ist widerstandsf\u00e4higer und st\u00e4rker als Wolle, Baumwolle oder Seide. Sie hat hervorragende F\u00e4higkeit, Feuchte aufzunehmen, ist atmungsaktiv, wird schnell trocken, garantiert das Gef\u00fchl der maximalen Temperatur in jeder Jahreszeit.<\/p>\n","protected":false},"excerpt":{"rendered":"<ul>\n<li>H\u00f6he: 22 cm<\/li>\n<li>Belastbarkeit: 130 kg<\/li>\n<li>Garantie: 10 Jahre<\/li>\n<li>Kann nur offen geliefert werden (eingewickelt in Nylon)<\/li>\n<\/ul>\n","protected":false},"featured_media":349,"comment_status":"closed","ping_status":"closed","template":"","meta":{"inline_featured_image":false},"product_brand":[],"product_cat":[47,59,50,63],"product_tag":[],"class_list":{"0":"post-1115","1":"product","2":"type-product","3":"status-publish","4":"has-post-thumbnail","6":"product_cat-kaltschaummatratzen","7":"product_cat-latex-matratzen","8":"product_cat-matratzen","9":"product_cat-premium-matratzen","11":"first","12":"instock","13":"shipping-taxable","14":"product-type-simple"},"_links":{"self":[{"href":"https:\/\/bestdream.hu\/de\/wp-json\/wp\/v2\/product\/1115","targetHints":{"allow":["GET"]}}],"collection":[{"href":"https:\/\/bestdream.hu\/de\/wp-json\/wp\/v2\/product"}],"about":[{"href":"https:\/\/bestdream.hu\/de\/wp-json\/wp\/v2\/types\/product"}],"replies":[{"embeddable":true,"href":"https:\/\/bestdream.hu\/de\/wp-json\/wp\/v2\/comments?post=1115"}],"wp:featuredmedia":[{"embeddable":true,"href":"https:\/\/bestdream.hu\/de\/wp-json\/wp\/v2\/media\/349"}],"wp:attachment":[{"href":"https:\/\/bestdream.hu\/de\/wp-json\/wp\/v2\/media?parent=1115"}],"wp:term":[{"taxonomy":"product_brand","embeddable":true,"href":"https:\/\/bestdream.hu\/de\/wp-json\/wp\/v2\/product_brand?post=1115"},{"taxonomy":"product_cat","embeddable":true,"href":"https:\/\/bestdream.hu\/de\/wp-json\/wp\/v2\/product_cat?post=1115"},{"taxonomy":"product_tag","embeddable":true,"href":"https:\/\/bestdream.hu\/de\/wp-json\/wp\/v2\/product_tag?post=1115"}],"curies":[{"name":"wp","href":"https:\/\/api.w.org\/{rel}","templated":true}]}}