{"id":1116,"date":"2022-05-24T09:11:06","date_gmt":"2022-05-24T07:11:06","guid":{"rendered":"https:\/\/bestdream.hu\/termek\/cool-memory\/"},"modified":"2022-07-08T13:11:24","modified_gmt":"2022-07-08T11:11:24","slug":"cool-memory","status":"publish","type":"product","link":"https:\/\/bestdream.hu\/de\/termek\/cool-memory\/","title":{"rendered":"Cool Memory"},"content":{"rendered":"<p>Cool Memory ist eine beiderseitige hochwertigere Matratze, auf deren Winterseite sich eine 4cm Memory-Schicht befindet, am Halteschaum dann ein 14cm starker Kaltschaumkern, und auf der Sommerseite eine 4cm starke Latex Blue Gel Cool Schicht zur Erh\u00f6hung des Komfortgef\u00fchls. In den Wintermonaten ist die w\u00e4rmende Wirkung von Memory perfekte Garantie f\u00fcr einen besseren erholsamen Schlaf, w\u00e4hrend das Latex Blue Gel Cool Basismaterial Mikrokapseln mit K\u00fchleffekt enth\u00e4lt und f\u00fcr die Erholung in den Sommermonaten ideal ist. Der Matratzenstoff ist aus einem nat\u00fcrlichen Viskosematerial mit hervorragender Saugf\u00e4higkeit gewebt, er ist f\u00fcr elektrostatische Aufladung nicht anf\u00e4llig, wirkt fein und weich bei Ber\u00fchrung.<\/p>\n<p><img loading=\"lazy\" decoding=\"async\" class=\"alignnone wp-image-716\" src=\"https:\/\/bestdream.hu\/wp-content\/uploads\/2022\/05\/COOL-MEMORY-METSZET-300x200.png\" alt=\"\" width=\"400\" height=\"267\" srcset=\"https:\/\/bestdream.hu\/wp-content\/uploads\/2022\/05\/COOL-MEMORY-METSZET-300x200.png 300w, https:\/\/bestdream.hu\/wp-content\/uploads\/2022\/05\/COOL-MEMORY-METSZET-600x400.png 600w, https:\/\/bestdream.hu\/wp-content\/uploads\/2022\/05\/COOL-MEMORY-METSZET-1030x687.png 1030w, https:\/\/bestdream.hu\/wp-content\/uploads\/2022\/05\/COOL-MEMORY-METSZET-768x512.png 768w, https:\/\/bestdream.hu\/wp-content\/uploads\/2022\/05\/COOL-MEMORY-METSZET-1536x1024.png 1536w, https:\/\/bestdream.hu\/wp-content\/uploads\/2022\/05\/COOL-MEMORY-METSZET-2048x1365.png 2048w, https:\/\/bestdream.hu\/wp-content\/uploads\/2022\/05\/COOL-MEMORY-METSZET-1500x1000.png 1500w, https:\/\/bestdream.hu\/wp-content\/uploads\/2022\/05\/COOL-MEMORY-METSZET-705x470.png 705w\" sizes=\"auto, (max-width: 400px) 100vw, 400px\" \/><\/p>\n<ol>\n<li>Abnehmbarer VISKOSE-Bezug (siehe Seite 26)<\/li>\n<li>eine Gewebeschicht, die den Matratzenkern sch\u00fctzt<\/li>\n<li>4cm komfortable GEL LATEX (Dichte 65 kg\/m\u00b3) Schicht<\/li>\n<li>14cm Kaltschaumkern(Dichte N 35 kg\/m\u00b3, Druck 4.3 kPa)<\/li>\n<li>4cm (Dichte 50 kg\/m\u00b3) Memory Atmungsaktives 3D-L\u00fcftungsgewebe<\/li>\n<\/ol>\n<p>&nbsp;<\/p>\n<p><img loading=\"lazy\" decoding=\"async\" class=\"alignleft wp-image-107 size-square\" src=\"https:\/\/bestdream.hu\/wp-content\/uploads\/2022\/05\/viszkoz-180x180.jpeg\" alt=\"viszk\u00f3z\" width=\"180\" height=\"180\" srcset=\"https:\/\/bestdream.hu\/wp-content\/uploads\/2022\/05\/viszkoz-180x180.jpeg 180w, https:\/\/bestdream.hu\/wp-content\/uploads\/2022\/05\/viszkoz-100x100.jpeg 100w, https:\/\/bestdream.hu\/wp-content\/uploads\/2022\/05\/viszkoz.jpeg 300w, https:\/\/bestdream.hu\/wp-content\/uploads\/2022\/05\/viszkoz-80x80.jpeg 80w, https:\/\/bestdream.hu\/wp-content\/uploads\/2022\/05\/viszkoz-36x36.jpeg 36w\" sizes=\"auto, (max-width: 180px) 100vw, 180px\" \/><\/p>\n<p><strong>VISKOSE Bezug<\/strong><\/p>\n<p>Aus Naturmaterialien gewebt, mit hervorragenden Absorptionswirkungen, f\u00fcr elektrostatische Aufladung nicht anf\u00e4llig, fein, weich, angenehm bei Ber\u00fchrung. Es ist antiallergisch, reizt die Haut nicht, hat ausgezeichnete thermoregulierende Eigenschaften, ist atmungsaktiv, man \u00fcberhitzt nicht darin.<\/p>\n","protected":false},"excerpt":{"rendered":"<ul>\n<li>H\u00f6he: 22 cm<\/li>\n<li>Belastbarkeit: 120 kg<\/li>\n<li>Garantie: 10 Jahre<\/li>\n<li>Kann nur offen geliefert werden (eingewickelt in Nylon)<\/li>\n<\/ul>\n","protected":false},"featured_media":343,"comment_status":"closed","ping_status":"closed","template":"","meta":{"inline_featured_image":false},"product_brand":[],"product_cat":[47,59,50,61,63],"product_tag":[],"class_list":{"0":"post-1116","1":"product","2":"type-product","3":"status-publish","4":"has-post-thumbnail","6":"product_cat-kaltschaummatratzen","7":"product_cat-latex-matratzen","8":"product_cat-matratzen","9":"product_cat-memory-matratzen","10":"product_cat-premium-matratzen","12":"first","13":"instock","14":"shipping-taxable","15":"product-type-simple"},"_links":{"self":[{"href":"https:\/\/bestdream.hu\/de\/wp-json\/wp\/v2\/product\/1116","targetHints":{"allow":["GET"]}}],"collection":[{"href":"https:\/\/bestdream.hu\/de\/wp-json\/wp\/v2\/product"}],"about":[{"href":"https:\/\/bestdream.hu\/de\/wp-json\/wp\/v2\/types\/product"}],"replies":[{"embeddable":true,"href":"https:\/\/bestdream.hu\/de\/wp-json\/wp\/v2\/comments?post=1116"}],"wp:featuredmedia":[{"embeddable":true,"href":"https:\/\/bestdream.hu\/de\/wp-json\/wp\/v2\/media\/343"}],"wp:attachment":[{"href":"https:\/\/bestdream.hu\/de\/wp-json\/wp\/v2\/media?parent=1116"}],"wp:term":[{"taxonomy":"product_brand","embeddable":true,"href":"https:\/\/bestdream.hu\/de\/wp-json\/wp\/v2\/product_brand?post=1116"},{"taxonomy":"product_cat","embeddable":true,"href":"https:\/\/bestdream.hu\/de\/wp-json\/wp\/v2\/product_cat?post=1116"},{"taxonomy":"product_tag","embeddable":true,"href":"https:\/\/bestdream.hu\/de\/wp-json\/wp\/v2\/product_tag?post=1116"}],"curies":[{"name":"wp","href":"https:\/\/api.w.org\/{rel}","templated":true}]}}