{"id":1117,"date":"2022-05-24T09:09:47","date_gmt":"2022-05-24T07:09:47","guid":{"rendered":"https:\/\/bestdream.hu\/termek\/medical-hd\/"},"modified":"2022-07-08T13:15:23","modified_gmt":"2022-07-08T11:15:23","slug":"medical-hd","status":"publish","type":"product","link":"https:\/\/bestdream.hu\/de\/termek\/medical-hd\/","title":{"rendered":"Medical HD"},"content":{"rendered":"<p>Medical HD ist eine orthop\u00e4dische Premium-Matratze, die Wirbels\u00e4ule schont, und f\u00fcr Menschen empfohlen wird, die etwas h\u00e4rtere, jedoch komfortablere Matratze bevorzugen. Die perfekte Liegeposition wird durch den feinen, normalen\u00a0 HR-Schaum mit der Dichte von 35 kg\/m\u00b3 gew\u00e4hrleistet, der in einer Dicke von 5-5 cm auf den beiden Seiten des 13cm hohen Halteschaums im Inneren der Matratze platziert wird, um das Komfortgef\u00fchl zu erh\u00f6hen. Das Matratzenmaterial ist antiallergisch und bietet eine perfekte milbenfreie Umgebung f\u00fcr einen ruhigen Schlaf. Der Bezug ist bei 40 \u00b0C waschbar, hat hervorragende atmungsaktive Eigenschaften, auf den Seiten befindet sich atmungsaktives 3D-L\u00fcftungsgewebe.<\/p>\n<p><img loading=\"lazy\" decoding=\"async\" class=\"alignnone wp-image-104\" src=\"https:\/\/bestdream.hu\/wp-content\/uploads\/2022\/05\/MEDICAL-HD-METSZET.png\" alt=\"medical hd\" width=\"400\" height=\"267\" srcset=\"https:\/\/bestdream.hu\/wp-content\/uploads\/2022\/05\/MEDICAL-HD-METSZET.png 550w, https:\/\/bestdream.hu\/wp-content\/uploads\/2022\/05\/MEDICAL-HD-METSZET-300x200.png 300w\" sizes=\"auto, (max-width: 400px) 100vw, 400px\" \/><\/p>\n<ol>\n<li>SOFT SLEEP abnehmbarer Bezug (siehe Seite 27)<\/li>\n<li>Antiallergische F\u00fcllung<\/li>\n<li>atmungsaktive Schicht<\/li>\n<li>eine Gewebeschicht, die den Matratzenkern sch\u00fctzt<\/li>\n<li>5 cm komfortable Schicht (Dichte 30 kg\/m\u00b3, Druck 2.8 kPa)<\/li>\n<li>13 cm Kaltschaumkern(Dichte 35 kg\/m\u00b3, Druck 4.3 kPa)<\/li>\n<li>5 cm komfortable Schicht (Dichte 30 kg\/m\u00b3, Druck 2.8 kPa)<\/li>\n<li>Atmungsaktives 3D-L\u00fcftungsgewebe<\/li>\n<\/ol>\n<p>&nbsp;<\/p>\n<p><img loading=\"lazy\" decoding=\"async\" class=\"alignleft wp-image-100 size-square\" src=\"https:\/\/bestdream.hu\/wp-content\/uploads\/2022\/05\/soft_sleep-180x180.jpeg\" alt=\"soft sleep\" width=\"180\" height=\"180\" srcset=\"https:\/\/bestdream.hu\/wp-content\/uploads\/2022\/05\/soft_sleep-180x180.jpeg 180w, https:\/\/bestdream.hu\/wp-content\/uploads\/2022\/05\/soft_sleep-100x100.jpeg 100w, https:\/\/bestdream.hu\/wp-content\/uploads\/2022\/05\/soft_sleep.jpeg 300w, https:\/\/bestdream.hu\/wp-content\/uploads\/2022\/05\/soft_sleep-80x80.jpeg 80w, https:\/\/bestdream.hu\/wp-content\/uploads\/2022\/05\/soft_sleep-36x36.jpeg 36w\" sizes=\"auto, (max-width: 180px) 100vw, 180px\" \/><strong>SOFT SLEEP Bezug<\/strong><\/p>\n<p>Es handelt sich um einen speziellen aus Baumwolle und silbernen Fasern gewebten antiallergischen Stoff. Dank diesen Materialien war ein besonders weiches, angenehm anzufassendes und sehr bequemes Material des Bezugs entwickelt. Silberne Fasern leiten w\u00e4hrend des Tages entstehende elektrostatische Aufladung ab, haben eine hervorragende F\u00e4higkeit, unangenehme Ger\u00fcche zu verhindern, so dass sie f\u00fcr den ruhigen Schlaf w\u00e4hrend der ganzen Nacht sorgen.<\/p>\n","protected":false},"excerpt":{"rendered":"<ul>\n<li>H\u00f6he: 26 cm<\/li>\n<li>Belastbarkeit: 130 kg<\/li>\n<li>Garantie: 10 Jahre<\/li>\n<li>Kann nur offen geliefert werden (eingewickelt in Nylon)<\/li>\n<\/ul>\n","protected":false},"featured_media":339,"comment_status":"closed","ping_status":"closed","template":"","meta":{"inline_featured_image":false},"product_brand":[],"product_cat":[47,50,63],"product_tag":[],"class_list":{"0":"post-1117","1":"product","2":"type-product","3":"status-publish","4":"has-post-thumbnail","6":"product_cat-kaltschaummatratzen","7":"product_cat-matratzen","8":"product_cat-premium-matratzen","10":"first","11":"instock","12":"shipping-taxable","13":"product-type-simple"},"_links":{"self":[{"href":"https:\/\/bestdream.hu\/de\/wp-json\/wp\/v2\/product\/1117","targetHints":{"allow":["GET"]}}],"collection":[{"href":"https:\/\/bestdream.hu\/de\/wp-json\/wp\/v2\/product"}],"about":[{"href":"https:\/\/bestdream.hu\/de\/wp-json\/wp\/v2\/types\/product"}],"replies":[{"embeddable":true,"href":"https:\/\/bestdream.hu\/de\/wp-json\/wp\/v2\/comments?post=1117"}],"wp:featuredmedia":[{"embeddable":true,"href":"https:\/\/bestdream.hu\/de\/wp-json\/wp\/v2\/media\/339"}],"wp:attachment":[{"href":"https:\/\/bestdream.hu\/de\/wp-json\/wp\/v2\/media?parent=1117"}],"wp:term":[{"taxonomy":"product_brand","embeddable":true,"href":"https:\/\/bestdream.hu\/de\/wp-json\/wp\/v2\/product_brand?post=1117"},{"taxonomy":"product_cat","embeddable":true,"href":"https:\/\/bestdream.hu\/de\/wp-json\/wp\/v2\/product_cat?post=1117"},{"taxonomy":"product_tag","embeddable":true,"href":"https:\/\/bestdream.hu\/de\/wp-json\/wp\/v2\/product_tag?post=1117"}],"curies":[{"name":"wp","href":"https:\/\/api.w.org\/{rel}","templated":true}]}}