{"id":2928,"date":"2023-11-21T14:04:47","date_gmt":"2023-11-21T12:04:47","guid":{"rendered":"https:\/\/bestdream.hu\/termek\/ps-3-zone-uhd\/"},"modified":"2023-11-21T14:52:03","modified_gmt":"2023-11-21T12:52:03","slug":"ps-3-zone-uhd","status":"publish","type":"product","link":"https:\/\/bestdream.hu\/de\/termek\/ps-3-zone-uhd\/","title":{"rendered":"PS  3 Zone 26 UHD"},"content":{"rendered":"<div class=\"page\" title=\"Page 9\">\n<div class=\"section\">\n<div class=\"layoutArea\">\n<div class=\"column\">\n<p>PS 3 ZONE 26 UHD Matratze 3-Zonen-Matratze mit Taschenfederkonstruktion. Sie verf\u00fcgt \u00fcber eine 2,0 mm dicke Stahlfeder in der mittleren Zone und eine 2,2 mm dicke Stahlfeder in der mittleren Zone, 255 Federn\/m2, und eine 4 cm dicke Kaltschaumschicht mit einem Raumgewicht von 50 kg\/m3 auf den Liegefl\u00e4chen, so dass die Matratze f\u00fcr eine starke Beanspruchung ausgelegt ist. Das 3D-Ventilationsmaterial an der Seite der Matratze sorgt f\u00fcr eine hervorragende Atmungsaktivit\u00e4t und eine perfekte Bel\u00fcftung f\u00fcr den Benutzer. Diese Matratze ist extra fest, strapazierf\u00e4hig, formbest\u00e4ndig und durch ihre Flexibilit\u00e4t wirbels\u00e4ulenfreundlich.<\/p>\n<\/div>\n<\/div>\n<\/div>\n<\/div>\n<p><img loading=\"lazy\" decoding=\"async\" class=\"alignnone wp-image-2924\" src=\"https:\/\/bestdream.hu\/wp-content\/uploads\/2023\/11\/DSC_0971_02_UHD_LAZAC_NARANCS_01_szamok-300x200.jpeg\" alt=\"\" width=\"400\" height=\"267\" srcset=\"https:\/\/bestdream.hu\/wp-content\/uploads\/2023\/11\/DSC_0971_02_UHD_LAZAC_NARANCS_01_szamok-300x200.jpeg 300w, https:\/\/bestdream.hu\/wp-content\/uploads\/2023\/11\/DSC_0971_02_UHD_LAZAC_NARANCS_01_szamok-scaled-600x400.jpeg 600w, https:\/\/bestdream.hu\/wp-content\/uploads\/2023\/11\/DSC_0971_02_UHD_LAZAC_NARANCS_01_szamok-1030x687.jpeg 1030w, https:\/\/bestdream.hu\/wp-content\/uploads\/2023\/11\/DSC_0971_02_UHD_LAZAC_NARANCS_01_szamok-768x512.jpeg 768w, https:\/\/bestdream.hu\/wp-content\/uploads\/2023\/11\/DSC_0971_02_UHD_LAZAC_NARANCS_01_szamok-1536x1024.jpeg 1536w, https:\/\/bestdream.hu\/wp-content\/uploads\/2023\/11\/DSC_0971_02_UHD_LAZAC_NARANCS_01_szamok-2048x1365.jpeg 2048w, https:\/\/bestdream.hu\/wp-content\/uploads\/2023\/11\/DSC_0971_02_UHD_LAZAC_NARANCS_01_szamok-1500x1000.jpeg 1500w, https:\/\/bestdream.hu\/wp-content\/uploads\/2023\/11\/DSC_0971_02_UHD_LAZAC_NARANCS_01_szamok-705x470.jpeg 705w, https:\/\/bestdream.hu\/wp-content\/uploads\/2023\/11\/DSC_0971_02_UHD_LAZAC_NARANCS_01_szamok-450x300.jpeg 450w\" sizes=\"auto, (max-width: 400px) 100vw, 400px\" \/><\/p>\n<div class=\"page\" title=\"Page 9\">\n<div class=\"section\">\n<div class=\"layoutArea\">\n<div class=\"column\">\n<ol>\n<li>BAYGARD\u00ae-Bezug (siehe Seite 26)<\/li>\n<li>antiallergische F\u00fcllung<\/li>\n<li>atmungsaktive Schicht<\/li>\n<li>4 cm Hartschaumschicht ( Dichte N 50 kg\/m3, Druck 7,6 kPa )<\/li>\n<li>3 Zonen mit 255 St\u00fcck\/m2 in verschiedenen St\u00e4rken (2,0-2,2 mm), Qualit\u00e4tsstahlfederung<\/li>\n<li>4 cm Hartschaumschicht (Raumgewicht N 50 kg\/m3 , Druck 7,6 kPa)<\/li>\n<li>3D bel\u00fcftetes, atmungsaktives Gewebe<\/li>\n<\/ol>\n<\/div>\n<\/div>\n<\/div>\n<\/div>\n<p>&nbsp;<\/p>\n<p><img loading=\"lazy\" decoding=\"async\" class=\"alignleft wp-image-136 size-square\" src=\"https:\/\/bestdream.hu\/wp-content\/uploads\/2022\/05\/baygard-180x180.jpeg\" alt=\"baygard\" width=\"180\" height=\"180\" srcset=\"https:\/\/bestdream.hu\/wp-content\/uploads\/2022\/05\/baygard-180x180.jpeg 180w, https:\/\/bestdream.hu\/wp-content\/uploads\/2022\/05\/baygard-100x100.jpeg 100w, https:\/\/bestdream.hu\/wp-content\/uploads\/2022\/05\/baygard.jpeg 300w, https:\/\/bestdream.hu\/wp-content\/uploads\/2022\/05\/baygard-80x80.jpeg 80w, https:\/\/bestdream.hu\/wp-content\/uploads\/2022\/05\/baygard-36x36.jpeg 36w\" sizes=\"auto, (max-width: 180px) 100vw, 180px\" \/><\/p>\n<p>BAYGARD\u00ae-GEWEBE<br \/>\nBietet lang anhaltenden Schutz vor Hausstaubmilben mit wasserabweisenden Eigenschaften. Die Fasern des Bezugsstoffes sind mit einer unsichtbaren, schmutzabweisenden Schutzschicht \u00fcberzogen, die das Ausbleichen und Schrumpfen des Stoffes verhindert und so eine gute Bel\u00fcftung gew\u00e4hrleistet.<\/p>\n","protected":false},"excerpt":{"rendered":"<ul>\n<li>Dicke der Matratze: 26 cm<\/li>\n<li>Gewichtsgrenze: 160 kg<\/li>\n<li>Garantie: 10 Jahre<\/li>\n<li>Kann offen transportiert werden (in Nylon eingewickelt)<\/li>\n<\/ul>\n","protected":false},"featured_media":2913,"comment_status":"closed","ping_status":"closed","template":"","meta":{"inline_featured_image":false},"product_brand":[],"product_cat":[62,50,63],"product_tag":[],"class_list":{"0":"post-2928","1":"product","2":"type-product","3":"status-publish","4":"has-post-thumbnail","6":"product_cat-federkernmatratzen","7":"product_cat-matratzen","8":"product_cat-premium-matratzen","10":"first","11":"instock","12":"shipping-taxable","13":"product-type-simple"},"_links":{"self":[{"href":"https:\/\/bestdream.hu\/de\/wp-json\/wp\/v2\/product\/2928","targetHints":{"allow":["GET"]}}],"collection":[{"href":"https:\/\/bestdream.hu\/de\/wp-json\/wp\/v2\/product"}],"about":[{"href":"https:\/\/bestdream.hu\/de\/wp-json\/wp\/v2\/types\/product"}],"replies":[{"embeddable":true,"href":"https:\/\/bestdream.hu\/de\/wp-json\/wp\/v2\/comments?post=2928"}],"wp:featuredmedia":[{"embeddable":true,"href":"https:\/\/bestdream.hu\/de\/wp-json\/wp\/v2\/media\/2913"}],"wp:attachment":[{"href":"https:\/\/bestdream.hu\/de\/wp-json\/wp\/v2\/media?parent=2928"}],"wp:term":[{"taxonomy":"product_brand","embeddable":true,"href":"https:\/\/bestdream.hu\/de\/wp-json\/wp\/v2\/product_brand?post=2928"},{"taxonomy":"product_cat","embeddable":true,"href":"https:\/\/bestdream.hu\/de\/wp-json\/wp\/v2\/product_cat?post=2928"},{"taxonomy":"product_tag","embeddable":true,"href":"https:\/\/bestdream.hu\/de\/wp-json\/wp\/v2\/product_tag?post=2928"}],"curies":[{"name":"wp","href":"https:\/\/api.w.org\/{rel}","templated":true}]}}