{"id":2955,"date":"2023-11-22T11:23:25","date_gmt":"2023-11-22T09:23:25","guid":{"rendered":"https:\/\/bestdream.hu\/termek\/dual-comfort\/"},"modified":"2023-11-22T12:42:00","modified_gmt":"2023-11-22T10:42:00","slug":"dual-comfort","status":"publish","type":"product","link":"https:\/\/bestdream.hu\/de\/termek\/dual-comfort\/","title":{"rendered":"Dual Comfort"},"content":{"rendered":"<div class=\"page\" title=\"Page 10\">\n<div class=\"section\">\n<div class=\"layoutArea\">\n<div class=\"column\">\n<p>Extra-Komfort-Matratze mit 7-Zonen-Konzept, hergestellt aus zwei verschiedenen (A-Seite HR35 kg\/m3, B-Seite HR40 kg\/m3) hochelastischen Schaumstoffen mit hoher R\u00fcckstellkraft (HR). Die Matratze ist so konzipiert, dass sie sich perfekt an die Form anpasst, die Wirbels\u00e4ule schont und genau dort st\u00fctzt, wo sie am meisten gebraucht wird. Die Luftkan\u00e4le in den Kaltschaumschw\u00e4mmen und die gute Atmungsaktivit\u00e4t des 3D-Bel\u00fcftungsmaterials an den Seiten der Matratze sorgen f\u00fcr eine hervorragende Bel\u00fcftung der Matratze. Diese Matratze ist eine gute Wahl f\u00fcr diejenigen, die manchmal eine weichere Matratze oder manchmal eine festere Matratze bevorzugen, aber mit einem hohen Komfortgef\u00fchl.<\/p>\n<\/div>\n<\/div>\n<\/div>\n<\/div>\n<p><img loading=\"lazy\" decoding=\"async\" class=\"alignnone wp-image-2947\" src=\"https:\/\/bestdream.hu\/wp-content\/uploads\/2023\/11\/metszet_szamok-300x200.jpeg\" alt=\"\" width=\"400\" height=\"267\" srcset=\"https:\/\/bestdream.hu\/wp-content\/uploads\/2023\/11\/metszet_szamok-300x200.jpeg 300w, https:\/\/bestdream.hu\/wp-content\/uploads\/2023\/11\/metszet_szamok-scaled-600x400.jpeg 600w, https:\/\/bestdream.hu\/wp-content\/uploads\/2023\/11\/metszet_szamok-1030x687.jpeg 1030w, https:\/\/bestdream.hu\/wp-content\/uploads\/2023\/11\/metszet_szamok-768x512.jpeg 768w, https:\/\/bestdream.hu\/wp-content\/uploads\/2023\/11\/metszet_szamok-1536x1024.jpeg 1536w, https:\/\/bestdream.hu\/wp-content\/uploads\/2023\/11\/metszet_szamok-2048x1365.jpeg 2048w, https:\/\/bestdream.hu\/wp-content\/uploads\/2023\/11\/metszet_szamok-1500x1000.jpeg 1500w, https:\/\/bestdream.hu\/wp-content\/uploads\/2023\/11\/metszet_szamok-705x470.jpeg 705w, https:\/\/bestdream.hu\/wp-content\/uploads\/2023\/11\/metszet_szamok-450x300.jpeg 450w\" sizes=\"auto, (max-width: 400px) 100vw, 400px\" \/><\/p>\n<div class=\"page\" title=\"Page 10\">\n<div class=\"section\">\n<div class=\"layoutArea\">\n<div class=\"column\">\n<ol>\n<li>Aufrollbarer Bezug<\/li>\n<li>Stoffschicht zum Schutz des Matratzenkerns<\/li>\n<li>11 cm hochelastischer Kaltschaum (HR 40 kg\/m3 Raumgewicht, 3,6 kPa Druck)<\/li>\n<li>11 cm hochelastischer Kaltschaum (HR 35 kg\/m3 Raumgewicht, 3,6 kPa Druck)<\/li>\n<li>Atmungsaktiver 3D-Bel\u00fcftungsstoff<\/li>\n<\/ol>\n<p><img loading=\"lazy\" decoding=\"async\" class=\"alignnone wp-image-2950\" src=\"https:\/\/bestdream.hu\/wp-content\/uploads\/2023\/11\/DSC0824_fekvo-novel_02-300x200.jpeg\" alt=\"\" width=\"400\" height=\"267\" srcset=\"https:\/\/bestdream.hu\/wp-content\/uploads\/2023\/11\/DSC0824_fekvo-novel_02-300x200.jpeg 300w, https:\/\/bestdream.hu\/wp-content\/uploads\/2023\/11\/DSC0824_fekvo-novel_02-scaled-600x400.jpeg 600w, https:\/\/bestdream.hu\/wp-content\/uploads\/2023\/11\/DSC0824_fekvo-novel_02-1030x687.jpeg 1030w, https:\/\/bestdream.hu\/wp-content\/uploads\/2023\/11\/DSC0824_fekvo-novel_02-768x512.jpeg 768w, https:\/\/bestdream.hu\/wp-content\/uploads\/2023\/11\/DSC0824_fekvo-novel_02-1536x1024.jpeg 1536w, https:\/\/bestdream.hu\/wp-content\/uploads\/2023\/11\/DSC0824_fekvo-novel_02-2048x1365.jpeg 2048w, https:\/\/bestdream.hu\/wp-content\/uploads\/2023\/11\/DSC0824_fekvo-novel_02-1500x1000.jpeg 1500w, https:\/\/bestdream.hu\/wp-content\/uploads\/2023\/11\/DSC0824_fekvo-novel_02-705x470.jpeg 705w, https:\/\/bestdream.hu\/wp-content\/uploads\/2023\/11\/DSC0824_fekvo-novel_02-450x300.jpeg 450w\" sizes=\"auto, (max-width: 400px) 100vw, 400px\" \/><\/p>\n<\/div>\n<\/div>\n<\/div>\n<\/div>\n<p><img loading=\"lazy\" decoding=\"async\" class=\"size-square wp-image-107 alignleft\" src=\"https:\/\/bestdream.hu\/wp-content\/uploads\/2022\/05\/viszkoz-180x180.jpeg\" alt=\"viszk\u00f3z\" width=\"180\" height=\"180\" srcset=\"https:\/\/bestdream.hu\/wp-content\/uploads\/2022\/05\/viszkoz-180x180.jpeg 180w, https:\/\/bestdream.hu\/wp-content\/uploads\/2022\/05\/viszkoz-100x100.jpeg 100w, https:\/\/bestdream.hu\/wp-content\/uploads\/2022\/05\/viszkoz.jpeg 300w, https:\/\/bestdream.hu\/wp-content\/uploads\/2022\/05\/viszkoz-80x80.jpeg 80w, https:\/\/bestdream.hu\/wp-content\/uploads\/2022\/05\/viszkoz-36x36.jpeg 36w\" sizes=\"auto, (max-width: 180px) 100vw, 180px\" \/><\/p>\n<p>WEICHER SCHLAFSTOFF<\/p>\n<p>Dies ist ein spezieller antiallergischer Stoff, der aus Baumwolle und Silberfasern gewebt wurde. Aus diesen Materialien wurde ein besonders weicher, anschmiegsamer Bezugsstoff mit hohem Komfortgef\u00fchl entwickelt. Die Silberfaser leitet tags\u00fcber elektrostatische Aufladungen ab und sorgt mit ihren sehr guten geruchshemmenden Eigenschaften f\u00fcr Komfort in der Nacht.<\/p>\n","protected":false},"excerpt":{"rendered":"<ul>\n<li>Dicke der Matratze: 22 cm<\/li>\n<li>Gewichtsgrenze: 120 kg<\/li>\n<li>Garantie: 10 Jahre<\/li>\n<li>Kann offen transportiert werden (in Nylon eingewickelt)<\/li>\n<\/ul>\n","protected":false},"featured_media":2946,"comment_status":"closed","ping_status":"closed","template":"","meta":{"inline_featured_image":false},"product_brand":[],"product_cat":[50,47,63],"product_tag":[],"class_list":{"0":"post-2955","1":"product","2":"type-product","3":"status-publish","4":"has-post-thumbnail","6":"product_cat-matratzen","7":"product_cat-kaltschaummatratzen","8":"product_cat-premium-matratzen","10":"first","11":"instock","12":"shipping-taxable","13":"product-type-simple"},"_links":{"self":[{"href":"https:\/\/bestdream.hu\/de\/wp-json\/wp\/v2\/product\/2955","targetHints":{"allow":["GET"]}}],"collection":[{"href":"https:\/\/bestdream.hu\/de\/wp-json\/wp\/v2\/product"}],"about":[{"href":"https:\/\/bestdream.hu\/de\/wp-json\/wp\/v2\/types\/product"}],"replies":[{"embeddable":true,"href":"https:\/\/bestdream.hu\/de\/wp-json\/wp\/v2\/comments?post=2955"}],"wp:featuredmedia":[{"embeddable":true,"href":"https:\/\/bestdream.hu\/de\/wp-json\/wp\/v2\/media\/2946"}],"wp:attachment":[{"href":"https:\/\/bestdream.hu\/de\/wp-json\/wp\/v2\/media?parent=2955"}],"wp:term":[{"taxonomy":"product_brand","embeddable":true,"href":"https:\/\/bestdream.hu\/de\/wp-json\/wp\/v2\/product_brand?post=2955"},{"taxonomy":"product_cat","embeddable":true,"href":"https:\/\/bestdream.hu\/de\/wp-json\/wp\/v2\/product_cat?post=2955"},{"taxonomy":"product_tag","embeddable":true,"href":"https:\/\/bestdream.hu\/de\/wp-json\/wp\/v2\/product_tag?post=2955"}],"curies":[{"name":"wp","href":"https:\/\/api.w.org\/{rel}","templated":true}]}}