{"id":941,"date":"2022-05-24T11:51:28","date_gmt":"2022-05-24T09:51:28","guid":{"rendered":"https:\/\/bestdream.hu\/termek\/mikroszalas-matracvedo\/"},"modified":"2022-07-01T13:10:40","modified_gmt":"2022-07-01T11:10:40","slug":"microfiber-bed-protector","status":"publish","type":"product","link":"https:\/\/bestdream.hu\/en\/termek\/microfiber-bed-protector\/","title":{"rendered":"Microfiber bed protector"},"content":{"rendered":"<p><img loading=\"lazy\" decoding=\"async\" class=\"wp-image-183 size-square alignleft\" src=\"https:\/\/bestdream.hu\/wp-content\/uploads\/2022\/05\/MAT_VEDO_COM_02_01-300x300-1-180x180.png\" alt=\"Mikrosz\u00e1las matracv\u00e9d\u0151\" width=\"180\" height=\"180\" srcset=\"https:\/\/bestdream.hu\/wp-content\/uploads\/2022\/05\/MAT_VEDO_COM_02_01-300x300-1-180x180.png 180w, https:\/\/bestdream.hu\/wp-content\/uploads\/2022\/05\/MAT_VEDO_COM_02_01-300x300-1-100x100.png 100w, https:\/\/bestdream.hu\/wp-content\/uploads\/2022\/05\/MAT_VEDO_COM_02_01-300x300-1.png 300w, https:\/\/bestdream.hu\/wp-content\/uploads\/2022\/05\/MAT_VEDO_COM_02_01-300x300-1-80x80.png 80w, https:\/\/bestdream.hu\/wp-content\/uploads\/2022\/05\/MAT_VEDO_COM_02_01-300x300-1-36x36.png 36w\" sizes=\"auto, (max-width: 180px) 100vw, 180px\" \/><\/p>\n<p>The cover material of the product is 100% microfibre fabric, soft and delicate to the touch. Please note, the bed protector with the comfort function is not impermeable. Thanks to the practical rubber ears on all 4 corners, the protector can be easily attached to all types of beds and mattresses. The shifting of the protector is prevented by a way of special stitching by machine grafting.<\/p>\n","protected":false},"excerpt":{"rendered":"<ul>\n<li>Cover material 85 gr\/m2, fabric with microfibre (100% polyester)<\/li>\n<li>Filling material 200 gr\/m2, 100% polyester, (hollow fiber)<\/li>\n<li>Elastic band: 40 mm fabric band<\/li>\n<li>Washable at max. 40\u00b0C<\/li>\n<li>Drying: at a low temperature<\/li>\n<\/ul>\n","protected":false},"featured_media":446,"comment_status":"closed","ping_status":"closed","template":"","meta":{"inline_featured_image":false},"product_brand":[],"product_cat":[54],"product_tag":[],"class_list":{"0":"post-941","1":"product","2":"type-product","3":"status-publish","4":"has-post-thumbnail","6":"product_cat-mattress-protectors","8":"first","9":"instock","10":"shipping-taxable","11":"product-type-simple"},"_links":{"self":[{"href":"https:\/\/bestdream.hu\/en\/wp-json\/wp\/v2\/product\/941","targetHints":{"allow":["GET"]}}],"collection":[{"href":"https:\/\/bestdream.hu\/en\/wp-json\/wp\/v2\/product"}],"about":[{"href":"https:\/\/bestdream.hu\/en\/wp-json\/wp\/v2\/types\/product"}],"replies":[{"embeddable":true,"href":"https:\/\/bestdream.hu\/en\/wp-json\/wp\/v2\/comments?post=941"}],"wp:featuredmedia":[{"embeddable":true,"href":"https:\/\/bestdream.hu\/en\/wp-json\/wp\/v2\/media\/446"}],"wp:attachment":[{"href":"https:\/\/bestdream.hu\/en\/wp-json\/wp\/v2\/media?parent=941"}],"wp:term":[{"taxonomy":"product_brand","embeddable":true,"href":"https:\/\/bestdream.hu\/en\/wp-json\/wp\/v2\/product_brand?post=941"},{"taxonomy":"product_cat","embeddable":true,"href":"https:\/\/bestdream.hu\/en\/wp-json\/wp\/v2\/product_cat?post=941"},{"taxonomy":"product_tag","embeddable":true,"href":"https:\/\/bestdream.hu\/en\/wp-json\/wp\/v2\/product_tag?post=941"}],"curies":[{"name":"wp","href":"https:\/\/api.w.org\/{rel}","templated":true}]}}