{"id":943,"date":"2022-05-24T11:48:55","date_gmt":"2022-05-24T09:48:55","guid":{"rendered":"https:\/\/bestdream.hu\/termek\/vizzaro-matracvedo\/"},"modified":"2022-07-01T13:12:18","modified_gmt":"2022-07-01T11:12:18","slug":"waterproof-bed-protector","status":"publish","type":"product","link":"https:\/\/bestdream.hu\/en\/termek\/waterproof-bed-protector\/","title":{"rendered":"Waterproof bed protector"},"content":{"rendered":"<p><img loading=\"lazy\" decoding=\"async\" class=\"wp-image-179 size-square alignleft\" src=\"https:\/\/bestdream.hu\/wp-content\/uploads\/2022\/05\/MAT_VEDO_WATERP-180x180.png\" alt=\"V\u00edzz\u00e1r\u00f3 matracv\u00e9d\u0151\" width=\"180\" height=\"180\" srcset=\"https:\/\/bestdream.hu\/wp-content\/uploads\/2022\/05\/MAT_VEDO_WATERP-180x180.png 180w, https:\/\/bestdream.hu\/wp-content\/uploads\/2022\/05\/MAT_VEDO_WATERP-100x100.png 100w, https:\/\/bestdream.hu\/wp-content\/uploads\/2022\/05\/MAT_VEDO_WATERP.png 300w, https:\/\/bestdream.hu\/wp-content\/uploads\/2022\/05\/MAT_VEDO_WATERP-80x80.png 80w, https:\/\/bestdream.hu\/wp-content\/uploads\/2022\/05\/MAT_VEDO_WATERP-36x36.png 36w\" sizes=\"auto, (max-width: 180px) 100vw, 180px\" \/>Impermeable\/waterproof bed protector with terrycloth material to help keep the bed\u2019s stable microclimate. Material breathable in the opposite direction to prevent moisture buildup. Cross-securing in place with wide rubber bands for quick and safe attachement.<\/p>\n","protected":false},"excerpt":{"rendered":"<ul>\n<li>Cover material 190 gr \/ m\u00b2 terry cloth, polyester<\/li>\n<li>Elastic band: 40 mm-es sz\u00f6vet szalag<\/li>\n<li>Washable at max. 90\u00b0C<\/li>\n<li>Drying: at low a temperature<\/li>\n<li>80% cotton, 20% polyester<\/li>\n<\/ul>\n","protected":false},"featured_media":444,"comment_status":"closed","ping_status":"closed","template":"","meta":{"inline_featured_image":false},"product_brand":[],"product_cat":[54],"product_tag":[],"class_list":{"0":"post-943","1":"product","2":"type-product","3":"status-publish","4":"has-post-thumbnail","6":"product_cat-mattress-protectors","8":"first","9":"instock","10":"shipping-taxable","11":"product-type-simple"},"_links":{"self":[{"href":"https:\/\/bestdream.hu\/en\/wp-json\/wp\/v2\/product\/943","targetHints":{"allow":["GET"]}}],"collection":[{"href":"https:\/\/bestdream.hu\/en\/wp-json\/wp\/v2\/product"}],"about":[{"href":"https:\/\/bestdream.hu\/en\/wp-json\/wp\/v2\/types\/product"}],"replies":[{"embeddable":true,"href":"https:\/\/bestdream.hu\/en\/wp-json\/wp\/v2\/comments?post=943"}],"wp:featuredmedia":[{"embeddable":true,"href":"https:\/\/bestdream.hu\/en\/wp-json\/wp\/v2\/media\/444"}],"wp:attachment":[{"href":"https:\/\/bestdream.hu\/en\/wp-json\/wp\/v2\/media?parent=943"}],"wp:term":[{"taxonomy":"product_brand","embeddable":true,"href":"https:\/\/bestdream.hu\/en\/wp-json\/wp\/v2\/product_brand?post=943"},{"taxonomy":"product_cat","embeddable":true,"href":"https:\/\/bestdream.hu\/en\/wp-json\/wp\/v2\/product_cat?post=943"},{"taxonomy":"product_tag","embeddable":true,"href":"https:\/\/bestdream.hu\/en\/wp-json\/wp\/v2\/product_tag?post=943"}],"curies":[{"name":"wp","href":"https:\/\/api.w.org\/{rel}","templated":true}]}}